{"id":3915,"date":"2018-10-27T18:10:15","date_gmt":"2018-10-27T16:10:15","guid":{"rendered":"http:\/\/timetravelbee.com\/?page_id=3915"},"modified":"2018-10-28T16:12:54","modified_gmt":"2018-10-28T14:12:54","slug":"disclaimer","status":"publish","type":"page","link":"https:\/\/timetravelbee.com\/pl\/disclaimer\/","title":{"rendered":"Polityka Prywatno\u015bci"},"content":{"rendered":"<p><span style=\"color: #ffffff;\">Cze\u015b\u0107!<\/span><\/p>\n<p><span style=\"color: #ffffff;\">Je\u017celi tutaj trafi\u0142e\u015b, to niezawodny znak, \u017ce cenisz swoj\u0105 prywatno\u015b\u0107. \u015awietnie! Bo ja te\u017c!\u00a0Jest mi niezmiernie mi\u0142o, \u017ce czytasz moj\u0105 stron\u0119 i anga\u017cujesz si\u0119 w mediach spo\u0142eczno\u015bciowych.\u00a0Ceni\u0119 sobie Wasze zaufanie i dlatego chc\u0119, \u017ceby\u015bcie mieli jasne informacje dotycz\u0105ce ochrony danych \u2013 ich przetwarzania.<\/span><\/p>\n<h1><span style=\"color: #ffffff;\">Twoja prywatno\u015b\u0107<\/span><\/h1>\n<p><span style=\"color: #ffffff;\">Dodaj\u0105c komentarz na blogu, zapisuj\u0105c si\u0119 do newslettera, czy po prostu <strong><a href=\"http:\/\/timetravelbee.com\/pl\/contact\/\">kontaktuj\u0105c si\u0119 ze mn\u0105<\/a><\/strong>, przekazujesz mi swoje dane osobowe (Imi\u0119 i Nazwisko oraz adres email), a ja gwarantuj\u0119 Ci, \u017ce Twoje dane pozostan\u0105 poufne, bezpieczne i nie zostan\u0105 udost\u0119pnione jakimkolwiek podmiotom trzecim bez Twojej wyra\u017anej zgody.<\/span><\/p>\n<p><span style=\"color: #ffffff;\">Powierzam przetwarzanie danych osobowych tylko sprawdzonym i zaufanym podmiotom \u015bwiadcz\u0105cym us\u0142ugi zwi\u0105zane z przetwarzaniem danych osobowych.<\/span><\/p>\n<p><span style=\"color: #ffffff;\">Korzystam z narz\u0119dzi analitycznych Google Analytics, kt\u00f3re zbieraj\u0105 informacje na temat Twoich odwiedzin strony, takie jak podstrony, kt\u00f3re wy\u015bwietli\u0142e\u015b, czas, jaki sp\u0119dzi\u0142e\u015b na stronie czy przej\u015bcia pomi\u0119dzy poszczeg\u00f3lnymi podstronami. W tym celu wykorzystywane s\u0105 pliki cookies firmy Google LLC dotycz\u0105ce us\u0142ugi Google Analytics. W ramach ustawie\u0144 plik\u00f3w cookies mo\u017cesz zadecydowa\u0107, czy wyra\u017casz zgod\u0119 na korzystanie w Twoim przypadku z Google Analytics, czy nie.<\/span><\/p>\n<p><span style=\"color: #ffffff;\">Na blogu http:\/\/timetravelbee.com mog\u0105 pojawi\u0107 si\u0119 linki umo\u017cliwiaj\u0105ce naszym u\u017cytkownikom przej\u015bcie na inne strony www. Nie odpowiadam za polityk\u0119 prywatno\u015bci stosowan\u0105 przez w\u0142a\u015bcicieli tych stron.<\/span><\/p>\n<p><span style=\"color: #ffffff;\">Masz prawo do wgl\u0105du do swoich danych oraz ich usuni\u0119cia. Jak to zrobi\u0107? <strong><a href=\"http:\/\/timetravelbee.com\/pl\/contact\/\">Skontaktuj si\u0119 ze mn\u0105<\/a><\/strong>.<\/span><\/p>\n<h1><span style=\"color: #ffffff;\">Moja prywatno\u015b\u0107<\/span><\/h1>\n<p><span style=\"color: #ffffff;\">Blog http:\/\/timetravelbee.com zosta\u0142 stworzony, aby inspirowa\u0107 i przekazywa\u0107 <strong><a href=\"http:\/\/timetravelbee.com\/pl\/category\/travel-tips\/\">przydatne wskaz\u00f3wki na temat podr\u00f3\u017cowania<\/a><\/strong>.\u00a0Znajdziesz to informacje na temat <strong><a href=\"http:\/\/timetravelbee.com\/pl\/category\/places\/\">miejsc<\/a><\/strong>, <strong><a href=\"http:\/\/timetravelbee.com\/pl\/category\/music\/\">muzyki<\/a><\/strong> czy <strong><a href=\"http:\/\/timetravelbee.com\/pl\/category\/food\/\">jedzenia z r\u00f3\u017cnych cz\u0119\u015bci \u015bwiata<\/a><\/strong>. Materia\u0142y zamieszczone w\u00a0 blogu odzwierciedlaj\u0105 jedynie indywidualne pogl\u0105dy Autora bloga i nie mog\u0105 stanowi\u0107 podstawy jakiejkolwiek jego odpowiedzialno\u015bci w stosunku do os\u00f3b trzecich, w szczeg\u00f3lno\u015bci za jak\u0105kolwiek szkod\u0119 wyrz\u0105dzon\u0105 zastosowaniem lub brakiem zastosowania si\u0119 do tre\u015bci w nim zawartych. Ka\u017cdy Czytelnik wykorzystuje pogl\u0105dy przedstawione przez Autora bloga dla w\u0142asnych potrzeb jedynie na w\u0142asn\u0105 odpowiedzialno\u015b\u0107. Czytelnik nie jest zwi\u0105zany opiniami przedstawianymi w artyku\u0142ach i komentarzach przez Autora oraz osoby trzecie.<\/span><\/p>\n<p><span style=\"color: #ffffff;\">Na blogu znajduj\u0105 si\u0119 g\u0142\u00f3wnie zdj\u0119cia mojego autorstwa, chyba, \u017ce podpisane inaczej. Nie zgadzam si\u0119 na kopiowanie i rozpowszechnianie zdj\u0119\u0107 bez mojej zgody.<\/span><\/p>","protected":false},"excerpt":{"rendered":"<p>Cze\u015b\u0107! Je\u017celi tutaj trafi\u0142e\u015b, to niezawodny znak, \u017ce cenisz swoj\u0105 prywatno\u015b\u0107. \u015awietnie! Bo ja te\u017c!\u00a0Jest mi niezmiernie mi\u0142o, \u017ce czytasz moj\u0105 stron\u0119 i anga\u017cujesz si\u0119 w mediach spo\u0142eczno\u015bciowych.\u00a0Ceni\u0119 sobie Wasze zaufanie i dlatego chc\u0119, \u017ceby\u015bcie mieli jasne informacje dotycz\u0105ce ochrony danych \u2013 ich przetwarzania. Twoja prywatno\u015b\u0107 Dodaj\u0105c komentarz na blogu, zapisuj\u0105c si\u0119 do newslettera, czy [&hellip;]<\/p>\n","protected":false},"author":1,"featured_media":0,"parent":0,"menu_order":0,"comment_status":"closed","ping_status":"closed","template":"","meta":[],"yoast_head":"<!-- This site is optimized with the Yoast SEO plugin v21.0 - https:\/\/yoast.com\/wordpress\/plugins\/seo\/ -->\n<title>Polityka Prywatno\u015bci | Time Travel Bee | Responsible Travel Blog<\/title>\n<meta name=\"robots\" content=\"index, follow, max-snippet:-1, max-image-preview:large, max-video-preview:-1\" \/>\n<link rel=\"canonical\" href=\"https:\/\/timetravelbee.com\/pl\/disclaimer\/\" \/>\n<meta property=\"og:locale\" content=\"pl_PL\" \/>\n<meta property=\"og:type\" content=\"article\" \/>\n<meta property=\"og:title\" content=\"Polityka Prywatno\u015bci | Time Travel Bee | Responsible Travel Blog\" \/>\n<meta property=\"og:description\" content=\"Cze\u015b\u0107! Je\u017celi tutaj trafi\u0142e\u015b, to niezawodny znak, \u017ce cenisz swoj\u0105 prywatno\u015b\u0107. \u015awietnie! Bo ja te\u017c!\u00a0Jest mi niezmiernie mi\u0142o, \u017ce czytasz moj\u0105 stron\u0119 i anga\u017cujesz si\u0119 w mediach spo\u0142eczno\u015bciowych.\u00a0Ceni\u0119 sobie Wasze zaufanie i dlatego chc\u0119, \u017ceby\u015bcie mieli jasne informacje dotycz\u0105ce ochrony danych \u2013 ich przetwarzania. Twoja prywatno\u015b\u0107 Dodaj\u0105c komentarz na blogu, zapisuj\u0105c si\u0119 do newslettera, czy [&hellip;]\" \/>\n<meta property=\"og:url\" content=\"https:\/\/timetravelbee.com\/pl\/disclaimer\/\" \/>\n<meta property=\"og:site_name\" content=\"Time Travel Bee | Responsible Travel Blog\" \/>\n<meta property=\"article:publisher\" content=\"https:\/\/www.facebook.com\/timetravelbee\" \/>\n<meta property=\"article:modified_time\" content=\"2018-10-28T14:12:54+00:00\" \/>\n<meta name=\"twitter:card\" content=\"summary_large_image\" \/>\n<meta name=\"twitter:site\" content=\"@TimeTravelBee\" \/>\n<meta name=\"twitter:label1\" content=\"Szacowany czas czytania\" \/>\n\t<meta name=\"twitter:data1\" content=\"5 minut\" \/>\n<script type=\"application\/ld+json\" class=\"yoast-schema-graph\">{\"@context\":\"https:\/\/schema.org\",\"@graph\":[{\"@type\":\"WebPage\",\"@id\":\"https:\/\/timetravelbee.com\/pl\/disclaimer\/\",\"url\":\"https:\/\/timetravelbee.com\/pl\/disclaimer\/\",\"name\":\"Polityka Prywatno\u015bci | Time Travel Bee | Responsible Travel Blog\",\"isPartOf\":{\"@id\":\"https:\/\/timetravelbee.com\/pl\/#website\"},\"datePublished\":\"2018-10-27T16:10:15+00:00\",\"dateModified\":\"2018-10-28T14:12:54+00:00\",\"breadcrumb\":{\"@id\":\"https:\/\/timetravelbee.com\/pl\/disclaimer\/#breadcrumb\"},\"inLanguage\":\"pl-PL\",\"potentialAction\":[{\"@type\":\"ReadAction\",\"target\":[[\"https:\/\/timetravelbee.com\/pl\/disclaimer\/\"]]}]},{\"@type\":\"BreadcrumbList\",\"@id\":\"https:\/\/timetravelbee.com\/pl\/disclaimer\/#breadcrumb\",\"itemListElement\":[{\"@type\":\"ListItem\",\"position\":1,\"name\":\"Home\",\"item\":\"https:\/\/timetravelbee.com\/pl\/\"},{\"@type\":\"ListItem\",\"position\":2,\"name\":\"Disclaimer\"}]},{\"@type\":\"WebSite\",\"@id\":\"https:\/\/timetravelbee.com\/pl\/#website\",\"url\":\"https:\/\/timetravelbee.com\/pl\/\",\"name\":\"Time Travel Bee | Responsible Travel Blog\",\"description\":\"Time Travel Bee\",\"publisher\":{\"@id\":\"https:\/\/timetravelbee.com\/pl\/#\/schema\/person\/87eb9c76480852e107af0f9624a0045a\"},\"potentialAction\":[{\"@type\":\"SearchAction\",\"target\":{\"@type\":\"EntryPoint\",\"urlTemplate\":\"https:\/\/timetravelbee.com\/pl\/?s={search_term_string}\"},\"query-input\":\"required name=search_term_string\"}],\"inLanguage\":\"pl-PL\"},{\"@type\":[\"Person\",\"Organization\"],\"@id\":\"https:\/\/timetravelbee.com\/pl\/#\/schema\/person\/87eb9c76480852e107af0f9624a0045a\",\"name\":\"Time Travel Bee\",\"image\":{\"@type\":\"ImageObject\",\"inLanguage\":\"pl-PL\",\"@id\":\"https:\/\/timetravelbee.com\/pl\/#\/schema\/person\/image\/\",\"url\":\"https:\/\/timetravelbee.com\/wp-content\/uploads\/logo1.png\",\"contentUrl\":\"https:\/\/timetravelbee.com\/wp-content\/uploads\/logo1.png\",\"width\":412,\"height\":165,\"caption\":\"Time Travel Bee\"},\"logo\":{\"@id\":\"https:\/\/timetravelbee.com\/pl\/#\/schema\/person\/image\/\"},\"description\":\"PL Pszczo\u0142a kocha przyrod\u0119, kwiaty oraz herbat\u0119. Najbardziej sprawia jej przyjemno\u015b\u0107 \u017cycie i podr\u00f3\u017ce w rytmie slow, bez po\u015bpiechu. Stara si\u0119 podr\u00f3\u017cowa\u0107 bardziej ekologicznie i inspirowa\u0107 do tego innych. Lubi poznawa\u0107 inne kultury, tradycje, sp\u0119dza\u0107 czas z lokalnymi i kosztowa\u0107 ich przysmak\u00f3w. Jej ulubione miejsca w ka\u017cdej podr\u00f3\u017cy to uliczne bazary. ENG The Bee is a nature lover and tea addict. Loves the idea of slow life and responsible traveling, constantly trying to improve to bee more eco-friendly. Appreciates old cultures and traditions, loves to immerse with locals, listen to ethnic music as well as taste regional food and drinks. Her favorite spots while traveling are family houses and street markets. Learn more about the author\",\"sameAs\":[\"https:\/\/timetravelbee.com\",\"https:\/\/www.facebook.com\/timetravelbee\",\"https:\/\/instagram.com\/timetravelbee\"]}]}<\/script>\n<!-- \/ Yoast SEO plugin. -->","yoast_head_json":{"title":"Polityka Prywatno\u015bci | Time Travel Bee | Responsible Travel Blog","robots":{"index":"index","follow":"follow","max-snippet":"max-snippet:-1","max-image-preview":"max-image-preview:large","max-video-preview":"max-video-preview:-1"},"canonical":"https:\/\/timetravelbee.com\/pl\/disclaimer\/","og_locale":"pl_PL","og_type":"article","og_title":"Polityka Prywatno\u015bci | Time Travel Bee | Responsible Travel Blog","og_description":"Cze\u015b\u0107! Je\u017celi tutaj trafi\u0142e\u015b, to niezawodny znak, \u017ce cenisz swoj\u0105 prywatno\u015b\u0107. \u015awietnie! Bo ja te\u017c!\u00a0Jest mi niezmiernie mi\u0142o, \u017ce czytasz moj\u0105 stron\u0119 i anga\u017cujesz si\u0119 w mediach spo\u0142eczno\u015bciowych.\u00a0Ceni\u0119 sobie Wasze zaufanie i dlatego chc\u0119, \u017ceby\u015bcie mieli jasne informacje dotycz\u0105ce ochrony danych \u2013 ich przetwarzania. Twoja prywatno\u015b\u0107 Dodaj\u0105c komentarz na blogu, zapisuj\u0105c si\u0119 do newslettera, czy [&hellip;]","og_url":"https:\/\/timetravelbee.com\/pl\/disclaimer\/","og_site_name":"Time Travel Bee | Responsible Travel Blog","article_publisher":"https:\/\/www.facebook.com\/timetravelbee","article_modified_time":"2018-10-28T14:12:54+00:00","twitter_card":"summary_large_image","twitter_site":"@TimeTravelBee","twitter_misc":{"Szacowany czas czytania":"5 minut"},"schema":{"@context":"https:\/\/schema.org","@graph":[{"@type":"WebPage","@id":"https:\/\/timetravelbee.com\/pl\/disclaimer\/","url":"https:\/\/timetravelbee.com\/pl\/disclaimer\/","name":"Polityka Prywatno\u015bci | Time Travel Bee | Responsible Travel Blog","isPartOf":{"@id":"https:\/\/timetravelbee.com\/pl\/#website"},"datePublished":"2018-10-27T16:10:15+00:00","dateModified":"2018-10-28T14:12:54+00:00","breadcrumb":{"@id":"https:\/\/timetravelbee.com\/pl\/disclaimer\/#breadcrumb"},"inLanguage":"pl-PL","potentialAction":[{"@type":"ReadAction","target":[["https:\/\/timetravelbee.com\/pl\/disclaimer\/"]]}]},{"@type":"BreadcrumbList","@id":"https:\/\/timetravelbee.com\/pl\/disclaimer\/#breadcrumb","itemListElement":[{"@type":"ListItem","position":1,"name":"Home","item":"https:\/\/timetravelbee.com\/pl\/"},{"@type":"ListItem","position":2,"name":"Disclaimer"}]},{"@type":"WebSite","@id":"https:\/\/timetravelbee.com\/pl\/#website","url":"https:\/\/timetravelbee.com\/pl\/","name":"Time Travel Bee | Responsible Travel Blog","description":"Time Travel Bee","publisher":{"@id":"https:\/\/timetravelbee.com\/pl\/#\/schema\/person\/87eb9c76480852e107af0f9624a0045a"},"potentialAction":[{"@type":"SearchAction","target":{"@type":"EntryPoint","urlTemplate":"https:\/\/timetravelbee.com\/pl\/?s={search_term_string}"},"query-input":"required name=search_term_string"}],"inLanguage":"pl-PL"},{"@type":["Person","Organization"],"@id":"https:\/\/timetravelbee.com\/pl\/#\/schema\/person\/87eb9c76480852e107af0f9624a0045a","name":"Time Travel Bee","image":{"@type":"ImageObject","inLanguage":"pl-PL","@id":"https:\/\/timetravelbee.com\/pl\/#\/schema\/person\/image\/","url":"https:\/\/timetravelbee.com\/wp-content\/uploads\/logo1.png","contentUrl":"https:\/\/timetravelbee.com\/wp-content\/uploads\/logo1.png","width":412,"height":165,"caption":"Time Travel Bee"},"logo":{"@id":"https:\/\/timetravelbee.com\/pl\/#\/schema\/person\/image\/"},"description":"PL Pszczo\u0142a kocha przyrod\u0119, kwiaty oraz herbat\u0119. Najbardziej sprawia jej przyjemno\u015b\u0107 \u017cycie i podr\u00f3\u017ce w rytmie slow, bez po\u015bpiechu. Stara si\u0119 podr\u00f3\u017cowa\u0107 bardziej ekologicznie i inspirowa\u0107 do tego innych. Lubi poznawa\u0107 inne kultury, tradycje, sp\u0119dza\u0107 czas z lokalnymi i kosztowa\u0107 ich przysmak\u00f3w. Jej ulubione miejsca w ka\u017cdej podr\u00f3\u017cy to uliczne bazary. ENG The Bee is a nature lover and tea addict. Loves the idea of slow life and responsible traveling, constantly trying to improve to bee more eco-friendly. Appreciates old cultures and traditions, loves to immerse with locals, listen to ethnic music as well as taste regional food and drinks. Her favorite spots while traveling are family houses and street markets. Learn more about the author","sameAs":["https:\/\/timetravelbee.com","https:\/\/www.facebook.com\/timetravelbee","https:\/\/instagram.com\/timetravelbee"]}]}},"_links":{"self":[{"href":"https:\/\/timetravelbee.com\/pl\/wp-json\/wp\/v2\/pages\/3915"}],"collection":[{"href":"https:\/\/timetravelbee.com\/pl\/wp-json\/wp\/v2\/pages"}],"about":[{"href":"https:\/\/timetravelbee.com\/pl\/wp-json\/wp\/v2\/types\/page"}],"author":[{"embeddable":true,"href":"https:\/\/timetravelbee.com\/pl\/wp-json\/wp\/v2\/users\/1"}],"replies":[{"embeddable":true,"href":"https:\/\/timetravelbee.com\/pl\/wp-json\/wp\/v2\/comments?post=3915"}],"version-history":[{"count":4,"href":"https:\/\/timetravelbee.com\/pl\/wp-json\/wp\/v2\/pages\/3915\/revisions"}],"predecessor-version":[{"id":3924,"href":"https:\/\/timetravelbee.com\/pl\/wp-json\/wp\/v2\/pages\/3915\/revisions\/3924"}],"wp:attachment":[{"href":"https:\/\/timetravelbee.com\/pl\/wp-json\/wp\/v2\/media?parent=3915"}],"curies":[{"name":"wp","href":"https:\/\/api.w.org\/{rel}","templated":true}]}}