{"id":66,"date":"2016-06-12T19:16:04","date_gmt":"2016-06-12T19:16:04","guid":{"rendered":"http:\/\/timetravelbee.com\/?page_id=66"},"modified":"2023-07-22T21:11:07","modified_gmt":"2023-07-22T19:11:07","slug":"about","status":"publish","type":"page","link":"https:\/\/timetravelbee.com\/pl\/about\/","title":{"rendered":"O mnie"},"content":{"rendered":"<p><\/p>\n<p style=\"text-align: left;\"><span style=\"color: #ffffff;\">Cze\u015b\u0107. <img decoding=\"async\" loading=\"lazy\" class=\"frame wp-image-497 size-medium alignleft lazyload\" title=\"Time Travel Bee\" data-src=\"http:\/\/timetravelbee.com\/wp-content\/uploads\/2016\/08\/314800_284522314909044_2124776116_n-224x300.jpg\" alt=\"Time Travel Bee\" width=\"224\" height=\"300\" data-srcset=\"https:\/\/timetravelbee.com\/wp-content\/uploads\/2016\/08\/314800_284522314909044_2124776116_n-224x300.jpg 224w, https:\/\/timetravelbee.com\/wp-content\/uploads\/2016\/08\/314800_284522314909044_2124776116_n.jpg 290w\" data-sizes=\"(max-width: 224px) 100vw, 224px\" src=\"data:image\/gif;base64,R0lGODlhAQABAAAAACH5BAEKAAEALAAAAAABAAEAAAICTAEAOw==\" style=\"--smush-placeholder-width: 224px; --smush-placeholder-aspect-ratio: 224\/300;\" \/><noscript><img decoding=\"async\" loading=\"lazy\" class=\"frame wp-image-497 size-medium alignleft\" title=\"Time Travel Bee\" src=\"http:\/\/timetravelbee.com\/wp-content\/uploads\/2016\/08\/314800_284522314909044_2124776116_n-224x300.jpg\" alt=\"Time Travel Bee\" width=\"224\" height=\"300\" srcset=\"https:\/\/timetravelbee.com\/wp-content\/uploads\/2016\/08\/314800_284522314909044_2124776116_n-224x300.jpg 224w, https:\/\/timetravelbee.com\/wp-content\/uploads\/2016\/08\/314800_284522314909044_2124776116_n.jpg 290w\" sizes=\"(max-width: 224px) 100vw, 224px\" \/><\/noscript>Witam Ci\u0119 na moim blogu podr\u00f3\u017cniczym. Jestem Anita, grafik komputerowy, fotograf z siln\u0105 pasj\u0105 do podr\u00f3\u017cowania i poznawania tego, co nieznane. Kocham przyrod\u0119 dlatego bardzo wa\u017cne jest dla mnie <strong><a style=\"color: #ffffff;\" href=\"https:\/\/timetravelbee.com\/pl\/bee-eco\/responsible-tourism\/\">odpowiedzialne podr\u00f3\u017cowanie<\/a><\/strong>. Slow travel, czyli podr\u00f3\u017cowanie powoli pozwala mi nie tylko podr\u00f3\u017cowa\u0107 bardziej ekologicznie, ale te\u017c pozna\u0107 dan\u0105 kultur\u0119 g\u0142\u0119biej, zapozna\u0107 si\u0119 z lokalnymi mieszka\u0144cami, pokosztowa\u0107 <strong><a style=\"color: #ffffff;\" href=\"http:\/\/timetravelbee.com\/pl\/category\/food\/\">regionalnych przysmak\u00f3w<\/a><\/strong>. Odpowiedzialna turystyka czy ekoturystyka to tematy, kt\u00f3re zacz\u0119\u0142y mnie interesowa\u0107 po podr\u00f3\u017cach do Azji. Przeludniony, zanieczyszczony \u015bwiat tonie w \u015bmieciach, bezpowrotnie gin\u0105 dzikie zwierz\u0119ta i <strong><a style=\"color: #ffffff;\" href=\"https:\/\/timetravelbee.com\/pl\/places\/kinabatangan-river-cruise\/\">lasy deszczowe<\/a><\/strong>. Kiedy zobaczy\u0142am to wszystko na w\u0142asne oczy by\u0142am wstrz\u0105\u015bni\u0119ta. Jak m\u00f3wi jeden z moich ulubionych cytat\u00f3w: je\u015bli chcesz zmieni\u0107 \u015bwiat, zacznij od siebie. Dlatego te\u017c postanowi\u0142am zacz\u0105\u0107 od zmiany swoich w\u0142asnych przyzwyczaje\u0144, zainteresowa\u0107 si\u0119 ruchem NO WASTE oraz <strong><a style=\"color: #ffffff;\" href=\"https:\/\/timetravelbee.com\/pl\/bee-eco\/go-green-your-everyday-choices\/\">GO GREEN<\/a><\/strong>.<\/span><\/p>\n<p style=\"text-align: left;\"><span style=\"color: #ffffff;\">Pasjonuj\u0105 mnie stare kultury i obyczaje, kt\u00f3re kiedy\u015b pewnie zanikn\u0105. Plemienne tradycje czy festiwale kulturalne to co\u015b za czym mog\u0119 gna\u0107 na koniec \u015bwiata. Dlatego te\u017c doceniam zespo\u0142y muzyczne, kt\u00f3re podtrzymuj\u0105 tradycje graj\u0105c muzyk\u0119 etniczn\u0105. Najbardziej uwielbiam te, kt\u00f3re mieszaj\u0105 stare melodie i tradycyjne instrumenty z nowoczesnym brzmieniem. My\u015bl\u0119, \u017ce to \u015bwietna droga by zach\u0119ci\u0107 m\u0142odsze pokolenia do lubowania si\u0119 w starych nutach i niezapominania przesz\u0142o\u015bci. Zapraszam do pos\u0142uchania <strong><a style=\"color: #ffffff;\" href=\"https:\/\/timetravelbee.com\/pl\/category\/music\/\">muzyki z r\u00f3\u017cnych zak\u0105tk\u00f3w \u015bwiata<\/a><\/strong>.<strong><img decoding=\"async\" loading=\"lazy\" class=\"frame alignright lazyload\" title=\"Time Travel Bee\" data-src=\"http:\/\/timetravelbee.com\/wp-content\/uploads\/2016\/08\/61775_1280758519195_6062905_n-300x169.jpg\" alt=\"Time Travel Bee\" width=\"300\" height=\"169\" src=\"data:image\/gif;base64,R0lGODlhAQABAAAAACH5BAEKAAEALAAAAAABAAEAAAICTAEAOw==\" style=\"--smush-placeholder-width: 300px; --smush-placeholder-aspect-ratio: 300\/169;\" \/><noscript><img decoding=\"async\" loading=\"lazy\" class=\"frame alignright\" title=\"Time Travel Bee\" src=\"http:\/\/timetravelbee.com\/wp-content\/uploads\/2016\/08\/61775_1280758519195_6062905_n-300x169.jpg\" alt=\"Time Travel Bee\" width=\"300\" height=\"169\" \/><\/noscript><br \/>\n<\/strong><\/span><\/p>\n<h2 style=\"text-align: left;\"><span style=\"color: #ffffff;\"><br \/>\nDlaczego jestem pszczo\u0142\u0105? <\/span><\/h2>\n<p style=\"text-align: left;\"><span style=\"color: #ffffff;\">Wiele os\u00f3b pyta dlaczego nazwa\u0142am ten blog podr\u00f3\u017cniczy Time Travel Bee. Powod\u00f3w jest wiele. Po pierwsze musicie wiedzie\u0107, \u017ce proces wymy\u015blania nazwy by\u0142 niezwykle d\u0142ugi i nie\u0142atwo by\u0142o znale\u017a\u0107 domen\u0119, kt\u00f3re nie jest ju\u017c zaj\u0119ta. Chcia\u0142am czego\u015b oryginalne, niebanalnego jak <em>Anita w Podr\u00f3\u017cy<\/em>, a jednocze\u015bnie co\u015b co b\u0119dzie b\u0119dzie mnie odzwierciedla\u0107. No i koniecznie, jako grafik, chcia\u0142am mie\u0107 ciekawy dizajn, kt\u00f3ry z nazw\u0105 b\u0119dzie si\u0119 wi\u0105za\u0107.<\/span><\/p>\n<p><span style=\"color: #ffffff;\">W taki oto spos\u00f3b wymy\u015bli\u0142am sobie pszczo\u0142\u0119, kt\u00f3ra podr\u00f3\u017cuje w czasie. Jako, \u017ce jest to owad bardzo wa\u017cny dla \u015brodowiska, kojarzy si\u0119 z \u0142\u0105k\u0105, zagro\u017cony wygini\u0119ciem i poprzez bloga r\u00f3wnie\u017c mog\u0119 <strong><a style=\"color: #ffffff;\" href=\"https:\/\/timetravelbee.com\/pl\/bee-eco\/save-the-bees\/\">pom\u00f3c ocali\u0107 pszczo\u0142y<\/a><\/strong>. Ci\u0105g\u0142e przemieszczanie si\u0119 z jednego miejsca do drugiego, gdzie niekt\u00f3re le\u017c\u0105 w innych strefach czasowych, jedne kultury s\u0105 rozwini\u0119te, inne wygl\u0105daj\u0105 jakby\u015bmy cofn\u0119li si\u0119 w czasie.<br \/>\n<\/span><\/p>\n<div style=\"width: 510px\" class=\"wp-caption aligncenter\"><img decoding=\"async\" loading=\"lazy\" class=\"frame lazyload\" title=\"Time Travel Bee\" data-src=\"http:\/\/timetravelbee.com\/wp-content\/uploads\/2016\/08\/430395_10151381496685338_2054073193_n.jpg\" alt=\"holi\" width=\"500\" height=\"281\" src=\"data:image\/gif;base64,R0lGODlhAQABAAAAACH5BAEKAAEALAAAAAABAAEAAAICTAEAOw==\" style=\"--smush-placeholder-width: 500px; --smush-placeholder-aspect-ratio: 500\/281;\" \/><noscript><img decoding=\"async\" loading=\"lazy\" class=\"frame\" title=\"Time Travel Bee\" src=\"http:\/\/timetravelbee.com\/wp-content\/uploads\/2016\/08\/430395_10151381496685338_2054073193_n.jpg\" alt=\"holi\" width=\"500\" height=\"281\" \/><\/noscript><p class=\"wp-caption-text\"><span style=\"color: #ffffff;\">To ja przy slamsach w Indiach podczas festiwau Holi<\/span><\/p><\/div>\n<p style=\"text-align: left;\"><span style=\"color: #ffffff;\"><img decoding=\"async\" loading=\"lazy\" class=\"frame wp-image-493 size-full alignleft lazyload\" title=\"India\" data-src=\"http:\/\/timetravelbee.com\/wp-content\/uploads\/2016\/08\/395407_496173343758408_1096806511_n.jpg\" alt=\"india\" width=\"480\" height=\"480\" data-srcset=\"https:\/\/timetravelbee.com\/wp-content\/uploads\/2016\/08\/395407_496173343758408_1096806511_n.jpg 480w, https:\/\/timetravelbee.com\/wp-content\/uploads\/2016\/08\/395407_496173343758408_1096806511_n-300x300.jpg 300w, https:\/\/timetravelbee.com\/wp-content\/uploads\/2016\/08\/395407_496173343758408_1096806511_n-100x100.jpg 100w, https:\/\/timetravelbee.com\/wp-content\/uploads\/2016\/08\/395407_496173343758408_1096806511_n-150x150.jpg 150w\" data-sizes=\"(max-width: 480px) 100vw, 480px\" src=\"data:image\/gif;base64,R0lGODlhAQABAAAAACH5BAEKAAEALAAAAAABAAEAAAICTAEAOw==\" style=\"--smush-placeholder-width: 480px; --smush-placeholder-aspect-ratio: 480\/480;\" \/><noscript><img decoding=\"async\" loading=\"lazy\" class=\"frame wp-image-493 size-full alignleft\" title=\"India\" src=\"http:\/\/timetravelbee.com\/wp-content\/uploads\/2016\/08\/395407_496173343758408_1096806511_n.jpg\" alt=\"india\" width=\"480\" height=\"480\" srcset=\"https:\/\/timetravelbee.com\/wp-content\/uploads\/2016\/08\/395407_496173343758408_1096806511_n.jpg 480w, https:\/\/timetravelbee.com\/wp-content\/uploads\/2016\/08\/395407_496173343758408_1096806511_n-300x300.jpg 300w, https:\/\/timetravelbee.com\/wp-content\/uploads\/2016\/08\/395407_496173343758408_1096806511_n-100x100.jpg 100w, https:\/\/timetravelbee.com\/wp-content\/uploads\/2016\/08\/395407_496173343758408_1096806511_n-150x150.jpg 150w\" sizes=\"(max-width: 480px) 100vw, 480px\" \/><\/noscript><\/span><\/p>\n<p style=\"text-align: left;\">\n<p style=\"text-align: left;\"><span style=\"color: #ffffff;\">Poza tym tworz\u0119 kolczyki!<strong><a style=\"color: #ffffff;\" href=\"https:\/\/www.facebook.com\/sloearrings\/\"> SLO EARRINGS!<\/a><\/strong> Istnieje fast-food i slow-food, s\u0105 te\u017c, tandetne kolczyki i kolczyki SLO, kt\u00f3re tworz\u0119 w\u0142asnor\u0119cznie. Wi\u0119kszo\u015b\u0107 z nich wyprodukowana jest ze \u015bmieci&#8230; w idei upcycling, czy tworzenia nowej funkcji da rzeczy ju\u017c niepotrzebnych. Wspieram te\u017c inicjatywy proekologiczne i kolczyki pszczo\u0142y s\u0105 moj\u0105 wizyt\u00f3wk\u0105 a cz\u0119\u015b\u0107 dochod\u00f3w przeznaczam na <strong><a style=\"color: #ffffff;\" href=\"https:\/\/timetravelbee.com\/pl\/bee-eco\/save-the-bees\/\">akcj\u0119 ratowania pszcz\u00f3\u0142 przed wygini\u0119ciem<\/a><\/strong>.\u00a0<\/span><\/p>\n<p><\/p>","protected":false},"excerpt":{"rendered":"<p>Cze\u015b\u0107. Witam Ci\u0119 na moim blogu podr\u00f3\u017cniczym. Jestem Anita, grafik komputerowy, fotograf z siln\u0105 pasj\u0105 do podr\u00f3\u017cowania i poznawania tego, co nieznane. Kocham przyrod\u0119 dlatego bardzo wa\u017cne jest dla mnie odpowiedzialne podr\u00f3\u017cowanie. Slow travel, czyli podr\u00f3\u017cowanie powoli pozwala mi nie tylko podr\u00f3\u017cowa\u0107 bardziej ekologicznie, ale te\u017c pozna\u0107 dan\u0105 kultur\u0119 g\u0142\u0119biej, zapozna\u0107 si\u0119 z lokalnymi mieszka\u0144cami, [&hellip;]<\/p>\n","protected":false},"author":1,"featured_media":0,"parent":0,"menu_order":0,"comment_status":"closed","ping_status":"closed","template":"","meta":[],"yoast_head":"<!-- This site is optimized with the Yoast SEO plugin v21.0 - https:\/\/yoast.com\/wordpress\/plugins\/seo\/ -->\n<title>Time Travel Bee | O pszczole i odpowiedzialnych podr\u00f3\u017cach<\/title>\n<meta name=\"description\" content=\"Kim jestem? Sk\u0105d wzie\u0142a si\u0119 nazwa bloga i fascynacja ekoturystyk\u0105?\" \/>\n<meta name=\"robots\" content=\"index, follow, max-snippet:-1, max-image-preview:large, max-video-preview:-1\" \/>\n<link rel=\"canonical\" href=\"https:\/\/timetravelbee.com\/pl\/about\/\" \/>\n<meta property=\"og:locale\" content=\"pl_PL\" \/>\n<meta property=\"og:type\" content=\"article\" \/>\n<meta property=\"og:title\" content=\"Time Travel Bee | O pszczole i odpowiedzialnych podr\u00f3\u017cach\" \/>\n<meta property=\"og:description\" content=\"Kim jestem? Sk\u0105d wzie\u0142a si\u0119 nazwa bloga i fascynacja ekoturystyk\u0105?\" \/>\n<meta property=\"og:url\" content=\"https:\/\/timetravelbee.com\/pl\/about\/\" \/>\n<meta property=\"og:site_name\" content=\"Time Travel Bee | Responsible Travel Blog\" \/>\n<meta property=\"article:publisher\" content=\"https:\/\/www.facebook.com\/timetravelbee\" \/>\n<meta property=\"article:modified_time\" content=\"2023-07-22T19:11:07+00:00\" \/>\n<meta property=\"og:image\" content=\"http:\/\/timetravelbee.com\/wp-content\/uploads\/2016\/08\/314800_284522314909044_2124776116_n-224x300.jpg\" \/>\n<meta name=\"twitter:card\" content=\"summary_large_image\" \/>\n<meta name=\"twitter:site\" content=\"@TimeTravelBee\" \/>\n<meta name=\"twitter:label1\" content=\"Szacowany czas czytania\" \/>\n\t<meta name=\"twitter:data1\" content=\"3 minuty\" \/>\n<script type=\"application\/ld+json\" class=\"yoast-schema-graph\">{\"@context\":\"https:\/\/schema.org\",\"@graph\":[{\"@type\":\"WebPage\",\"@id\":\"https:\/\/timetravelbee.com\/pl\/about\/\",\"url\":\"https:\/\/timetravelbee.com\/pl\/about\/\",\"name\":\"Time Travel Bee | O pszczole i odpowiedzialnych podr\u00f3\u017cach\",\"isPartOf\":{\"@id\":\"https:\/\/timetravelbee.com\/pl\/#website\"},\"datePublished\":\"2016-06-12T19:16:04+00:00\",\"dateModified\":\"2023-07-22T19:11:07+00:00\",\"description\":\"Kim jestem? Sk\u0105d wzie\u0142a si\u0119 nazwa bloga i fascynacja ekoturystyk\u0105?\",\"breadcrumb\":{\"@id\":\"https:\/\/timetravelbee.com\/pl\/about\/#breadcrumb\"},\"inLanguage\":\"pl-PL\",\"potentialAction\":[{\"@type\":\"ReadAction\",\"target\":[[\"https:\/\/timetravelbee.com\/pl\/about\/\"]]}]},{\"@type\":\"BreadcrumbList\",\"@id\":\"https:\/\/timetravelbee.com\/pl\/about\/#breadcrumb\",\"itemListElement\":[{\"@type\":\"ListItem\",\"position\":1,\"name\":\"Home\",\"item\":\"https:\/\/timetravelbee.com\/pl\/\"},{\"@type\":\"ListItem\",\"position\":2,\"name\":\"About\"}]},{\"@type\":\"WebSite\",\"@id\":\"https:\/\/timetravelbee.com\/pl\/#website\",\"url\":\"https:\/\/timetravelbee.com\/pl\/\",\"name\":\"Time Travel Bee | Responsible Travel Blog\",\"description\":\"Time Travel Bee\",\"publisher\":{\"@id\":\"https:\/\/timetravelbee.com\/pl\/#\/schema\/person\/87eb9c76480852e107af0f9624a0045a\"},\"potentialAction\":[{\"@type\":\"SearchAction\",\"target\":{\"@type\":\"EntryPoint\",\"urlTemplate\":\"https:\/\/timetravelbee.com\/pl\/?s={search_term_string}\"},\"query-input\":\"required name=search_term_string\"}],\"inLanguage\":\"pl-PL\"},{\"@type\":[\"Person\",\"Organization\"],\"@id\":\"https:\/\/timetravelbee.com\/pl\/#\/schema\/person\/87eb9c76480852e107af0f9624a0045a\",\"name\":\"Time Travel Bee\",\"image\":{\"@type\":\"ImageObject\",\"inLanguage\":\"pl-PL\",\"@id\":\"https:\/\/timetravelbee.com\/pl\/#\/schema\/person\/image\/\",\"url\":\"https:\/\/timetravelbee.com\/wp-content\/uploads\/logo1.png\",\"contentUrl\":\"https:\/\/timetravelbee.com\/wp-content\/uploads\/logo1.png\",\"width\":412,\"height\":165,\"caption\":\"Time Travel Bee\"},\"logo\":{\"@id\":\"https:\/\/timetravelbee.com\/pl\/#\/schema\/person\/image\/\"},\"description\":\"PL Pszczo\u0142a kocha przyrod\u0119, kwiaty oraz herbat\u0119. Najbardziej sprawia jej przyjemno\u015b\u0107 \u017cycie i podr\u00f3\u017ce w rytmie slow, bez po\u015bpiechu. Stara si\u0119 podr\u00f3\u017cowa\u0107 bardziej ekologicznie i inspirowa\u0107 do tego innych. Lubi poznawa\u0107 inne kultury, tradycje, sp\u0119dza\u0107 czas z lokalnymi i kosztowa\u0107 ich przysmak\u00f3w. Jej ulubione miejsca w ka\u017cdej podr\u00f3\u017cy to uliczne bazary. ENG The Bee is a nature lover and tea addict. Loves the idea of slow life and responsible traveling, constantly trying to improve to bee more eco-friendly. Appreciates old cultures and traditions, loves to immerse with locals, listen to ethnic music as well as taste regional food and drinks. Her favorite spots while traveling are family houses and street markets. Learn more about the author\",\"sameAs\":[\"https:\/\/timetravelbee.com\",\"https:\/\/www.facebook.com\/timetravelbee\",\"https:\/\/instagram.com\/timetravelbee\"]}]}<\/script>\n<!-- \/ Yoast SEO plugin. -->","yoast_head_json":{"title":"Time Travel Bee | O pszczole i odpowiedzialnych podr\u00f3\u017cach","description":"Kim jestem? Sk\u0105d wzie\u0142a si\u0119 nazwa bloga i fascynacja ekoturystyk\u0105?","robots":{"index":"index","follow":"follow","max-snippet":"max-snippet:-1","max-image-preview":"max-image-preview:large","max-video-preview":"max-video-preview:-1"},"canonical":"https:\/\/timetravelbee.com\/pl\/about\/","og_locale":"pl_PL","og_type":"article","og_title":"Time Travel Bee | O pszczole i odpowiedzialnych podr\u00f3\u017cach","og_description":"Kim jestem? Sk\u0105d wzie\u0142a si\u0119 nazwa bloga i fascynacja ekoturystyk\u0105?","og_url":"https:\/\/timetravelbee.com\/pl\/about\/","og_site_name":"Time Travel Bee | Responsible Travel Blog","article_publisher":"https:\/\/www.facebook.com\/timetravelbee","article_modified_time":"2023-07-22T19:11:07+00:00","og_image":[{"url":"http:\/\/timetravelbee.com\/wp-content\/uploads\/2016\/08\/314800_284522314909044_2124776116_n-224x300.jpg"}],"twitter_card":"summary_large_image","twitter_site":"@TimeTravelBee","twitter_misc":{"Szacowany czas czytania":"3 minuty"},"schema":{"@context":"https:\/\/schema.org","@graph":[{"@type":"WebPage","@id":"https:\/\/timetravelbee.com\/pl\/about\/","url":"https:\/\/timetravelbee.com\/pl\/about\/","name":"Time Travel Bee | O pszczole i odpowiedzialnych podr\u00f3\u017cach","isPartOf":{"@id":"https:\/\/timetravelbee.com\/pl\/#website"},"datePublished":"2016-06-12T19:16:04+00:00","dateModified":"2023-07-22T19:11:07+00:00","description":"Kim jestem? Sk\u0105d wzie\u0142a si\u0119 nazwa bloga i fascynacja ekoturystyk\u0105?","breadcrumb":{"@id":"https:\/\/timetravelbee.com\/pl\/about\/#breadcrumb"},"inLanguage":"pl-PL","potentialAction":[{"@type":"ReadAction","target":[["https:\/\/timetravelbee.com\/pl\/about\/"]]}]},{"@type":"BreadcrumbList","@id":"https:\/\/timetravelbee.com\/pl\/about\/#breadcrumb","itemListElement":[{"@type":"ListItem","position":1,"name":"Home","item":"https:\/\/timetravelbee.com\/pl\/"},{"@type":"ListItem","position":2,"name":"About"}]},{"@type":"WebSite","@id":"https:\/\/timetravelbee.com\/pl\/#website","url":"https:\/\/timetravelbee.com\/pl\/","name":"Time Travel Bee | Responsible Travel Blog","description":"Time Travel Bee","publisher":{"@id":"https:\/\/timetravelbee.com\/pl\/#\/schema\/person\/87eb9c76480852e107af0f9624a0045a"},"potentialAction":[{"@type":"SearchAction","target":{"@type":"EntryPoint","urlTemplate":"https:\/\/timetravelbee.com\/pl\/?s={search_term_string}"},"query-input":"required name=search_term_string"}],"inLanguage":"pl-PL"},{"@type":["Person","Organization"],"@id":"https:\/\/timetravelbee.com\/pl\/#\/schema\/person\/87eb9c76480852e107af0f9624a0045a","name":"Time Travel Bee","image":{"@type":"ImageObject","inLanguage":"pl-PL","@id":"https:\/\/timetravelbee.com\/pl\/#\/schema\/person\/image\/","url":"https:\/\/timetravelbee.com\/wp-content\/uploads\/logo1.png","contentUrl":"https:\/\/timetravelbee.com\/wp-content\/uploads\/logo1.png","width":412,"height":165,"caption":"Time Travel Bee"},"logo":{"@id":"https:\/\/timetravelbee.com\/pl\/#\/schema\/person\/image\/"},"description":"PL Pszczo\u0142a kocha przyrod\u0119, kwiaty oraz herbat\u0119. Najbardziej sprawia jej przyjemno\u015b\u0107 \u017cycie i podr\u00f3\u017ce w rytmie slow, bez po\u015bpiechu. Stara si\u0119 podr\u00f3\u017cowa\u0107 bardziej ekologicznie i inspirowa\u0107 do tego innych. Lubi poznawa\u0107 inne kultury, tradycje, sp\u0119dza\u0107 czas z lokalnymi i kosztowa\u0107 ich przysmak\u00f3w. Jej ulubione miejsca w ka\u017cdej podr\u00f3\u017cy to uliczne bazary. ENG The Bee is a nature lover and tea addict. Loves the idea of slow life and responsible traveling, constantly trying to improve to bee more eco-friendly. Appreciates old cultures and traditions, loves to immerse with locals, listen to ethnic music as well as taste regional food and drinks. Her favorite spots while traveling are family houses and street markets. Learn more about the author","sameAs":["https:\/\/timetravelbee.com","https:\/\/www.facebook.com\/timetravelbee","https:\/\/instagram.com\/timetravelbee"]}]}},"_links":{"self":[{"href":"https:\/\/timetravelbee.com\/pl\/wp-json\/wp\/v2\/pages\/66"}],"collection":[{"href":"https:\/\/timetravelbee.com\/pl\/wp-json\/wp\/v2\/pages"}],"about":[{"href":"https:\/\/timetravelbee.com\/pl\/wp-json\/wp\/v2\/types\/page"}],"author":[{"embeddable":true,"href":"https:\/\/timetravelbee.com\/pl\/wp-json\/wp\/v2\/users\/1"}],"replies":[{"embeddable":true,"href":"https:\/\/timetravelbee.com\/pl\/wp-json\/wp\/v2\/comments?post=66"}],"version-history":[{"count":83,"href":"https:\/\/timetravelbee.com\/pl\/wp-json\/wp\/v2\/pages\/66\/revisions"}],"predecessor-version":[{"id":5010,"href":"https:\/\/timetravelbee.com\/pl\/wp-json\/wp\/v2\/pages\/66\/revisions\/5010"}],"wp:attachment":[{"href":"https:\/\/timetravelbee.com\/pl\/wp-json\/wp\/v2\/media?parent=66"}],"curies":[{"name":"wp","href":"https:\/\/api.w.org\/{rel}","templated":true}]}}