{"id":89,"date":"2016-06-12T19:26:31","date_gmt":"2016-06-12T19:26:31","guid":{"rendered":"http:\/\/timetravelbee.com\/?page_id=89"},"modified":"2024-02-15T17:00:10","modified_gmt":"2024-02-15T15:00:10","slug":"contact","status":"publish","type":"page","link":"https:\/\/timetravelbee.com\/pl\/contact\/","title":{"rendered":"Kontakt"},"content":{"rendered":"<p><span style=\"color: #ffffff;\">Masz pytania? Napisz do mnie: contacttimetravelbee (@) gmail.com<\/span><\/p>\n<p><span style=\"color: #ffffff;\">Jak mo\u017cemy wsp\u00f3\u0142pracowa\u0107?\u00a0<\/span><\/p>\n<ul>\n<li><span style=\"color: #ffffff;\">Artyku\u0142y sponsorowane<\/span><\/li>\n<li><span style=\"color: #ffffff;\">Copywriting &#8211; Pszczo\u0142a uwielbia pisa\u0107 r\u00f3wnie\u017c dla innych stron\/magazyn\u00f3w<\/span><\/li>\n<li><span style=\"color: #ffffff;\">Reklama\u00a0<\/span><\/li>\n<li><span style=\"color: #ffffff;\">us\u0142ugi graficzne<\/span><\/li>\n<\/ul>\n<p><span style=\"color: #ffffff;\">Time Travel Bee to strona, kt\u00f3ra skupia si\u0119 na odpowiedzialnej turystyce. Polecam tu obiekty, us\u0142ugi, agencje, firmy dla kt\u00f3rych r\u00f3wnie wa\u017cne jest promowanie ekologii.<\/span><\/p>","protected":false},"excerpt":{"rendered":"<p>Masz pytania? Napisz do mnie: contacttimetravelbee (@) gmail.com Jak mo\u017cemy wsp\u00f3\u0142pracowa\u0107?\u00a0 Artyku\u0142y sponsorowane Copywriting &#8211; Pszczo\u0142a uwielbia pisa\u0107 r\u00f3wnie\u017c dla innych stron\/magazyn\u00f3w Reklama\u00a0 us\u0142ugi graficzne Time Travel Bee to strona, kt\u00f3ra skupia si\u0119 na odpowiedzialnej turystyce. Polecam tu obiekty, us\u0142ugi, agencje, firmy dla kt\u00f3rych r\u00f3wnie wa\u017cne jest promowanie ekologii.<\/p>\n","protected":false},"author":1,"featured_media":0,"parent":0,"menu_order":0,"comment_status":"closed","ping_status":"closed","template":"","meta":[],"yoast_head":"<!-- This site is optimized with the Yoast SEO plugin v21.0 - https:\/\/yoast.com\/wordpress\/plugins\/seo\/ -->\n<title>Time Travel Bee | Kontact<\/title>\n<meta name=\"description\" content=\"Skorzystaj z formularza je\u015bli chcesz zada\u0107 pytanie odno\u015bnie tre\u015bci bloga lub chcesz ze mn\u0105 wsp\u00f3\u0142pracowa\u0107\" \/>\n<meta name=\"robots\" content=\"index, follow, max-snippet:-1, max-image-preview:large, max-video-preview:-1\" \/>\n<link rel=\"canonical\" href=\"https:\/\/timetravelbee.com\/pl\/contact\/\" \/>\n<meta property=\"og:locale\" content=\"pl_PL\" \/>\n<meta property=\"og:type\" content=\"article\" \/>\n<meta property=\"og:title\" content=\"Time Travel Bee | Kontact\" \/>\n<meta property=\"og:description\" content=\"Skorzystaj z formularza je\u015bli chcesz zada\u0107 pytanie odno\u015bnie tre\u015bci bloga lub chcesz ze mn\u0105 wsp\u00f3\u0142pracowa\u0107\" \/>\n<meta property=\"og:url\" content=\"https:\/\/timetravelbee.com\/pl\/contact\/\" \/>\n<meta property=\"og:site_name\" content=\"Time Travel Bee | Responsible Travel Blog\" \/>\n<meta property=\"article:publisher\" content=\"https:\/\/www.facebook.com\/timetravelbee\" \/>\n<meta property=\"article:modified_time\" content=\"2024-02-15T15:00:10+00:00\" \/>\n<meta name=\"twitter:card\" content=\"summary_large_image\" \/>\n<meta name=\"twitter:site\" content=\"@TimeTravelBee\" \/>\n<meta name=\"twitter:label1\" content=\"Szacowany czas czytania\" \/>\n\t<meta name=\"twitter:data1\" content=\"1 minuta\" \/>\n<script type=\"application\/ld+json\" class=\"yoast-schema-graph\">{\"@context\":\"https:\/\/schema.org\",\"@graph\":[{\"@type\":\"WebPage\",\"@id\":\"https:\/\/timetravelbee.com\/pl\/contact\/\",\"url\":\"https:\/\/timetravelbee.com\/pl\/contact\/\",\"name\":\"Time Travel Bee | Kontact\",\"isPartOf\":{\"@id\":\"https:\/\/timetravelbee.com\/pl\/#website\"},\"datePublished\":\"2016-06-12T19:26:31+00:00\",\"dateModified\":\"2024-02-15T15:00:10+00:00\",\"description\":\"Skorzystaj z formularza je\u015bli chcesz zada\u0107 pytanie odno\u015bnie tre\u015bci bloga lub chcesz ze mn\u0105 wsp\u00f3\u0142pracowa\u0107\",\"breadcrumb\":{\"@id\":\"https:\/\/timetravelbee.com\/pl\/contact\/#breadcrumb\"},\"inLanguage\":\"pl-PL\",\"potentialAction\":[{\"@type\":\"ReadAction\",\"target\":[[\"https:\/\/timetravelbee.com\/pl\/contact\/\"]]}]},{\"@type\":\"BreadcrumbList\",\"@id\":\"https:\/\/timetravelbee.com\/pl\/contact\/#breadcrumb\",\"itemListElement\":[{\"@type\":\"ListItem\",\"position\":1,\"name\":\"Home\",\"item\":\"https:\/\/timetravelbee.com\/pl\/\"},{\"@type\":\"ListItem\",\"position\":2,\"name\":\"Contact\"}]},{\"@type\":\"WebSite\",\"@id\":\"https:\/\/timetravelbee.com\/pl\/#website\",\"url\":\"https:\/\/timetravelbee.com\/pl\/\",\"name\":\"Time Travel Bee | Responsible Travel Blog\",\"description\":\"Time Travel Bee\",\"publisher\":{\"@id\":\"https:\/\/timetravelbee.com\/pl\/#\/schema\/person\/87eb9c76480852e107af0f9624a0045a\"},\"potentialAction\":[{\"@type\":\"SearchAction\",\"target\":{\"@type\":\"EntryPoint\",\"urlTemplate\":\"https:\/\/timetravelbee.com\/pl\/?s={search_term_string}\"},\"query-input\":\"required name=search_term_string\"}],\"inLanguage\":\"pl-PL\"},{\"@type\":[\"Person\",\"Organization\"],\"@id\":\"https:\/\/timetravelbee.com\/pl\/#\/schema\/person\/87eb9c76480852e107af0f9624a0045a\",\"name\":\"Time Travel Bee\",\"image\":{\"@type\":\"ImageObject\",\"inLanguage\":\"pl-PL\",\"@id\":\"https:\/\/timetravelbee.com\/pl\/#\/schema\/person\/image\/\",\"url\":\"https:\/\/timetravelbee.com\/wp-content\/uploads\/logo1.png\",\"contentUrl\":\"https:\/\/timetravelbee.com\/wp-content\/uploads\/logo1.png\",\"width\":412,\"height\":165,\"caption\":\"Time Travel Bee\"},\"logo\":{\"@id\":\"https:\/\/timetravelbee.com\/pl\/#\/schema\/person\/image\/\"},\"description\":\"PL Pszczo\u0142a kocha przyrod\u0119, kwiaty oraz herbat\u0119. Najbardziej sprawia jej przyjemno\u015b\u0107 \u017cycie i podr\u00f3\u017ce w rytmie slow, bez po\u015bpiechu. Stara si\u0119 podr\u00f3\u017cowa\u0107 bardziej ekologicznie i inspirowa\u0107 do tego innych. Lubi poznawa\u0107 inne kultury, tradycje, sp\u0119dza\u0107 czas z lokalnymi i kosztowa\u0107 ich przysmak\u00f3w. Jej ulubione miejsca w ka\u017cdej podr\u00f3\u017cy to uliczne bazary. ENG The Bee is a nature lover and tea addict. Loves the idea of slow life and responsible traveling, constantly trying to improve to bee more eco-friendly. Appreciates old cultures and traditions, loves to immerse with locals, listen to ethnic music as well as taste regional food and drinks. Her favorite spots while traveling are family houses and street markets. Learn more about the author\",\"sameAs\":[\"https:\/\/timetravelbee.com\",\"https:\/\/www.facebook.com\/timetravelbee\",\"https:\/\/instagram.com\/timetravelbee\"]}]}<\/script>\n<!-- \/ Yoast SEO plugin. -->","yoast_head_json":{"title":"Time Travel Bee | Kontact","description":"Skorzystaj z formularza je\u015bli chcesz zada\u0107 pytanie odno\u015bnie tre\u015bci bloga lub chcesz ze mn\u0105 wsp\u00f3\u0142pracowa\u0107","robots":{"index":"index","follow":"follow","max-snippet":"max-snippet:-1","max-image-preview":"max-image-preview:large","max-video-preview":"max-video-preview:-1"},"canonical":"https:\/\/timetravelbee.com\/pl\/contact\/","og_locale":"pl_PL","og_type":"article","og_title":"Time Travel Bee | Kontact","og_description":"Skorzystaj z formularza je\u015bli chcesz zada\u0107 pytanie odno\u015bnie tre\u015bci bloga lub chcesz ze mn\u0105 wsp\u00f3\u0142pracowa\u0107","og_url":"https:\/\/timetravelbee.com\/pl\/contact\/","og_site_name":"Time Travel Bee | Responsible Travel Blog","article_publisher":"https:\/\/www.facebook.com\/timetravelbee","article_modified_time":"2024-02-15T15:00:10+00:00","twitter_card":"summary_large_image","twitter_site":"@TimeTravelBee","twitter_misc":{"Szacowany czas czytania":"1 minuta"},"schema":{"@context":"https:\/\/schema.org","@graph":[{"@type":"WebPage","@id":"https:\/\/timetravelbee.com\/pl\/contact\/","url":"https:\/\/timetravelbee.com\/pl\/contact\/","name":"Time Travel Bee | Kontact","isPartOf":{"@id":"https:\/\/timetravelbee.com\/pl\/#website"},"datePublished":"2016-06-12T19:26:31+00:00","dateModified":"2024-02-15T15:00:10+00:00","description":"Skorzystaj z formularza je\u015bli chcesz zada\u0107 pytanie odno\u015bnie tre\u015bci bloga lub chcesz ze mn\u0105 wsp\u00f3\u0142pracowa\u0107","breadcrumb":{"@id":"https:\/\/timetravelbee.com\/pl\/contact\/#breadcrumb"},"inLanguage":"pl-PL","potentialAction":[{"@type":"ReadAction","target":[["https:\/\/timetravelbee.com\/pl\/contact\/"]]}]},{"@type":"BreadcrumbList","@id":"https:\/\/timetravelbee.com\/pl\/contact\/#breadcrumb","itemListElement":[{"@type":"ListItem","position":1,"name":"Home","item":"https:\/\/timetravelbee.com\/pl\/"},{"@type":"ListItem","position":2,"name":"Contact"}]},{"@type":"WebSite","@id":"https:\/\/timetravelbee.com\/pl\/#website","url":"https:\/\/timetravelbee.com\/pl\/","name":"Time Travel Bee | Responsible Travel Blog","description":"Time Travel Bee","publisher":{"@id":"https:\/\/timetravelbee.com\/pl\/#\/schema\/person\/87eb9c76480852e107af0f9624a0045a"},"potentialAction":[{"@type":"SearchAction","target":{"@type":"EntryPoint","urlTemplate":"https:\/\/timetravelbee.com\/pl\/?s={search_term_string}"},"query-input":"required name=search_term_string"}],"inLanguage":"pl-PL"},{"@type":["Person","Organization"],"@id":"https:\/\/timetravelbee.com\/pl\/#\/schema\/person\/87eb9c76480852e107af0f9624a0045a","name":"Time Travel Bee","image":{"@type":"ImageObject","inLanguage":"pl-PL","@id":"https:\/\/timetravelbee.com\/pl\/#\/schema\/person\/image\/","url":"https:\/\/timetravelbee.com\/wp-content\/uploads\/logo1.png","contentUrl":"https:\/\/timetravelbee.com\/wp-content\/uploads\/logo1.png","width":412,"height":165,"caption":"Time Travel Bee"},"logo":{"@id":"https:\/\/timetravelbee.com\/pl\/#\/schema\/person\/image\/"},"description":"PL Pszczo\u0142a kocha przyrod\u0119, kwiaty oraz herbat\u0119. Najbardziej sprawia jej przyjemno\u015b\u0107 \u017cycie i podr\u00f3\u017ce w rytmie slow, bez po\u015bpiechu. Stara si\u0119 podr\u00f3\u017cowa\u0107 bardziej ekologicznie i inspirowa\u0107 do tego innych. Lubi poznawa\u0107 inne kultury, tradycje, sp\u0119dza\u0107 czas z lokalnymi i kosztowa\u0107 ich przysmak\u00f3w. Jej ulubione miejsca w ka\u017cdej podr\u00f3\u017cy to uliczne bazary. ENG The Bee is a nature lover and tea addict. Loves the idea of slow life and responsible traveling, constantly trying to improve to bee more eco-friendly. Appreciates old cultures and traditions, loves to immerse with locals, listen to ethnic music as well as taste regional food and drinks. Her favorite spots while traveling are family houses and street markets. Learn more about the author","sameAs":["https:\/\/timetravelbee.com","https:\/\/www.facebook.com\/timetravelbee","https:\/\/instagram.com\/timetravelbee"]}]}},"_links":{"self":[{"href":"https:\/\/timetravelbee.com\/pl\/wp-json\/wp\/v2\/pages\/89"}],"collection":[{"href":"https:\/\/timetravelbee.com\/pl\/wp-json\/wp\/v2\/pages"}],"about":[{"href":"https:\/\/timetravelbee.com\/pl\/wp-json\/wp\/v2\/types\/page"}],"author":[{"embeddable":true,"href":"https:\/\/timetravelbee.com\/pl\/wp-json\/wp\/v2\/users\/1"}],"replies":[{"embeddable":true,"href":"https:\/\/timetravelbee.com\/pl\/wp-json\/wp\/v2\/comments?post=89"}],"version-history":[{"count":7,"href":"https:\/\/timetravelbee.com\/pl\/wp-json\/wp\/v2\/pages\/89\/revisions"}],"predecessor-version":[{"id":7289,"href":"https:\/\/timetravelbee.com\/pl\/wp-json\/wp\/v2\/pages\/89\/revisions\/7289"}],"wp:attachment":[{"href":"https:\/\/timetravelbee.com\/pl\/wp-json\/wp\/v2\/media?parent=89"}],"curies":[{"name":"wp","href":"https:\/\/api.w.org\/{rel}","templated":true}]}}