{"id":7142,"date":"2022-08-21T10:41:06","date_gmt":"2022-08-21T08:41:06","guid":{"rendered":"https:\/\/timetravelbee.com\/product\/album\/"},"modified":"2024-06-09T18:01:30","modified_gmt":"2024-06-09T16:01:30","slug":"swiadome-podrozowanie","status":"publish","type":"product","link":"https:\/\/timetravelbee.com\/pl\/shop\/swiadome-podrozowanie\/","title":{"rendered":"E-book &#8222;Jak podr\u00f3\u017cowa\u0107 \u015bwiadomie?&#8221;"},"content":{"rendered":"<p><\/p>\n<h2><span style=\"color: #ffffff;\">Kim jestem?<\/span><\/h2>\n<p><span style=\"color: #ffffff;\"><img decoding=\"async\" loading=\"lazy\" class=\"c alignright wp-image-7224 lazyload\" data-src=\"https:\/\/timetravelbee.com\/wp-content\/uploads\/2023\/02\/IMG_20230126_165130-1000x750.jpg\" alt=\"\" width=\"400\" height=\"300\" data-srcset=\"https:\/\/timetravelbee.com\/wp-content\/uploads\/2023\/02\/IMG_20230126_165130-1000x750.jpg 1000w, https:\/\/timetravelbee.com\/wp-content\/uploads\/2023\/02\/IMG_20230126_165130-150x113.jpg 150w, https:\/\/timetravelbee.com\/wp-content\/uploads\/2023\/02\/IMG_20230126_165130-768x576.jpg 768w, https:\/\/timetravelbee.com\/wp-content\/uploads\/2023\/02\/IMG_20230126_165130-600x450.jpg 600w, https:\/\/timetravelbee.com\/wp-content\/uploads\/2023\/02\/IMG_20230126_165130.jpg 1417w\" data-sizes=\"(max-width: 400px) 100vw, 400px\" src=\"data:image\/gif;base64,R0lGODlhAQABAAAAACH5BAEKAAEALAAAAAABAAEAAAICTAEAOw==\" style=\"--smush-placeholder-width: 400px; --smush-placeholder-aspect-ratio: 400\/300;\" \/><noscript><img decoding=\"async\" loading=\"lazy\" class=\"c alignright wp-image-7224\" src=\"https:\/\/timetravelbee.com\/wp-content\/uploads\/2023\/02\/IMG_20230126_165130-1000x750.jpg\" alt=\"\" width=\"400\" height=\"300\" srcset=\"https:\/\/timetravelbee.com\/wp-content\/uploads\/2023\/02\/IMG_20230126_165130-1000x750.jpg 1000w, https:\/\/timetravelbee.com\/wp-content\/uploads\/2023\/02\/IMG_20230126_165130-150x113.jpg 150w, https:\/\/timetravelbee.com\/wp-content\/uploads\/2023\/02\/IMG_20230126_165130-768x576.jpg 768w, https:\/\/timetravelbee.com\/wp-content\/uploads\/2023\/02\/IMG_20230126_165130-600x450.jpg 600w, https:\/\/timetravelbee.com\/wp-content\/uploads\/2023\/02\/IMG_20230126_165130.jpg 1417w\" sizes=\"(max-width: 400px) 100vw, 400px\" \/><\/noscript>Nazywam si\u0119 Anita i nie lubi\u0119 zimy. To w\u0142a\u015bnie wtedy najcz\u0119\u015bciej podr\u00f3\u017cuj\u0119. Przez ostatnie 10 lat by\u0142am g\u0142\u00f3wnie w drodze. Mieszka\u0142am w kilku krajach i odwiedzi\u0142am ponad 70. Najbardziej ceni\u0119 sobie powolne podr\u00f3\u017ce z du\u017c\u0105 ilo\u015bci\u0105 czasu na poznawanie lokalnej kultury. <\/span><\/p>\n<p><span style=\"color: #ffffff;\">Nie zawsze jednak podr\u00f3\u017cowa\u0142am \u015bwiadomie i wci\u0105\u017c si\u0119 tego ucz\u0119. Kiedy\u015b nawet nie zdawa\u0142am sobie sprawy, w jak wielu sytuacjach szkodz\u0119. Podejmowane wybory w podr\u00f3\u017cy wynika\u0142y z przyzwyczaje\u0144 i niewiedzy. My\u015bla\u0142am, \u017ce moje podr\u00f3\u017cowanie jest ok, a to inni podr\u00f3\u017cuj\u0105 \u017ale bo \u015bmiec\u0105 i nie dbaj\u0105 o przyrod\u0119.<\/span><\/p>\n<p><span style=\"color: #ffffff;\">Lata podr\u00f3\u017cy sprawi\u0142y, \u017ce jestem bardziej wra\u017cliwa na potrzeby \u015brodowiska, bardziej rozumiem lokalne spo\u0142eczno\u015bci i wiem, jak im pom\u00f3c, a jak zaszkodzi\u0107. Nauczy\u0142am si\u0119 te\u017c dba\u0107 o siebie w podr\u00f3\u017cy, bo zrozumia\u0142am jak bardzo to jest wa\u017cne. <\/span><\/p>\n<p><span style=\"color: #ffffff;\">Pozna\u0142am wiele sposob\u00f3w na to jak podr\u00f3\u017cowa\u0107 i tanio i ekologicznie, niekoniecznie rezygnuj\u0105c z komfortu. Chcia\u0142abym teraz t\u0105 wiedz\u0105 i do\u015bwiadczeniem podzieli\u0107 si\u0119 z Tob\u0105.<\/span><\/p>\n<h2><span style=\"color: #ffffff;\">Dlaczego warto podr\u00f3\u017cowa\u0107 \u015bwiadomie?<\/span><\/h2>\n<ul>\n<li><span style=\"color: #ffffff;\">\u015awiadome podr\u00f3\u017ce s\u0105 najcz\u0119\u015bciej ta\u0144sze.<\/span><\/li>\n<li><span style=\"color: #ffffff;\">Wspierasz lokaln\u0105 ekonomi\u0119.<\/span><\/li>\n<li><span style=\"color: #ffffff;\">Robisz co\u015b dobrego dla planety i inspirujesz innych do takich samych dzia\u0142a\u0144.<\/span><\/li>\n<li><span style=\"color: #ffffff;\">W ko\u0144cu dobrze wypoczniesz i si\u0119 odstresujesz.<\/span><\/li>\n<li><span style=\"color: #ffffff;\">Mo\u017cesz pozna\u0107 wiele nowych os\u00f3b &#8211;\u00a0 podr\u00f3\u017cowanie <em>slow<\/em> i spanie w lokalnych miejsc\u00f3wkach to idealna szansa na nowe znajomo\u015bci.<\/span><\/li>\n<li><span style=\"color: #ffffff;\">Podr\u00f3\u017cuj\u0105c bardziej eko, zobaczysz du\u017co wi\u0119cej.<\/span><\/li>\n<li><span style=\"color: #ffffff;\">Kupisz jedyne w swoim rodzaju pami\u0105tki i spr\u00f3bujesz da\u0144 poleconych przez lokalnych.<\/span><\/li>\n<\/ul>\n<h2><span style=\"color: #ffffff;\">Dlaczego to tak bardzo wa\u017cne?<\/span><\/h2>\n<p><span style=\"color: #ffffff;\">Czasami jak my\u015bl\u0119 o tym, co si\u0119 wyprawia na \u015bwiecie, to a\u017c przechodz\u0105 mnie dreszcze. Samoloty produkuj\u0105 niewyobra\u017calne ilo\u015bci spalin, przemys\u0142 mi\u0119sny niszczy ogromne po\u0142acie d\u017cungli i zu\u017cywa bardzo du\u017co wody. Bezpowrotnie tracimy gatunki ro\u015blin i zwierz\u0105t. Codziennie ludzko\u015b\u0107 produkuje miliony ton \u015bmieci, kt\u00f3re b\u0119d\u0105 rozk\u0142ada\u0107 si\u0119 przez wieki, a niekt\u00f3re nigdy si\u0119 nie roz\u0142o\u017c\u0105. Wszyscy wiemy, \u017ce nasza planeta zosta\u0142a ju\u017c nie\u017ale zniszczona przez cz\u0142owieka. Turystyka to r\u00f3wnie\u017c degraduj\u0105ca ga\u0142\u0105\u017a gospodarki. Szczeg\u00f3lnie je\u015bli mowa o masowej turystyce, czyli miejscach zat\u0142oczonych, z mn\u00f3stwem obiekt\u00f3w hotelowych i restauracji. Przyroda potrafi by\u0107 w takich destynacjach szczeg\u00f3lnie wyeksploatowana, a przecie\u017c w podr\u00f3\u017cach wolimy co\u015b zupe\u0142nie przeciwnego &#8211; podziwianie jej pi\u0119kna.<\/span><\/p>\n<p><span style=\"color: #ffffff;\">Ale to nie pora na narzekanie, tylko na dzia\u0142anie. Od Twoich dzia\u0142a\u0144 zale\u017cy naprawd\u0119 wiele! Podr\u00f3\u017cuj\u0105c \u015bwiadomie b\u0119dziesz mie\u0107 realny wp\u0142yw na lokaln\u0105 ekonomi\u0119, ograniczysz sw\u00f3j negatywny wp\u0142yw na \u015brodowisko, a tak\u017ce zainspirujesz innych do pozytywnych dzia\u0142a\u0144. Nie wa\u017cne jest to, \u017ceby by\u0107 idealnym\/idealn\u0105 i w 100% eko. Nie s\u0105dz\u0119, \u017ce to jest w og\u00f3lne mo\u017cliwe. Wa\u017cne natomiast, by krok po kroku zmienia\u0107 swoje z\u0142e nawyki w podr\u00f3\u017cy.\u00a0<\/span><\/p>\n<p>&nbsp;<\/p>\n<div style=\"width: 540px;\" class=\"wp-video\"><video class=\"wp-video-shortcode\" id=\"video-7142-2\" width=\"540\" height=\"960\" preload=\"metadata\" controls=\"controls\"><source type=\"video\/mp4\" src=\"https:\/\/timetravelbee.com\/wp-content\/uploads\/2022\/08\/lv_0_20230626160615.mp4?_=2\" \/><a href=\"https:\/\/timetravelbee.com\/wp-content\/uploads\/2022\/08\/lv_0_20230626160615.mp4\">https:\/\/timetravelbee.com\/wp-content\/uploads\/2022\/08\/lv_0_20230626160615.mp4<\/a><\/video><\/div>\n<h2><span style=\"color: #ffffff;\">Dla kogo jest ten e-book<\/span><\/h2>\n<ul>\n<li><span style=\"color: #ffffff;\"><strong>Lubisz podr\u00f3\u017cowa\u0107<\/strong> i chcesz pozna\u0107 wi\u0119cej sposob\u00f3w na to jak zmniejszy\u0107 negatywny wp\u0142yw na \u015brodowisko.<\/span><\/li>\n<li><span style=\"color: #ffffff;\">Chcesz podr\u00f3\u017cowa\u0107 bardziej ekologicznie, ale <strong>boisz si\u0119, \u017ce to du\u017co wi\u0119cej kosztuje<\/strong>.<\/span><\/li>\n<li><span style=\"color: #ffffff;\">Zale\u017cy Ci na tym, by nie niszczy\u0107 \u015brodowiska, ale<strong> nie chcesz rezygnowa\u0107 z komfortu<\/strong>.<\/span><\/li>\n<li><span style=\"color: #ffffff;\">Chcesz dobrze dla planety, ale <strong>nie kosztem ci\u0105g\u0142ych wyrzecze\u0144<\/strong>.<\/span><\/li>\n<li><span style=\"color: #ffffff;\">Chcesz przyczyni\u0107 si\u0119 do poprawy jako\u015bci \u017cycia lokalnych spo\u0142eczno\u015bci, a nie im szkodzi\u0107.<\/span><\/li>\n<li><span style=\"color: #ffffff;\">Zale\u017cy Ci na <strong>ograniczeniu odpad\u00f3w<\/strong>, szczeg\u00f3lnie plastiku.<\/span><\/li>\n<li><span style=\"color: #ffffff;\">Ciekawi Ci\u0119 jak \u015bwiadomie <strong>podejmowa\u0107 dobre decyzje w podr\u00f3\u017cy<\/strong>.<\/span><\/li>\n<li><span style=\"color: #ffffff;\">Masz \u015bwiadomo\u015b\u0107, \u017ce podr\u00f3\u017cowanie nie jest ekologiczne, ale nie chcesz\u00a0 z niego rezygnowa\u0107. W zamian, wolisz <strong>nauczy\u0107 si\u0119 jak zmniejszy\u0107 ilo\u015b\u0107 szkodliwych dzia\u0142a\u0144 w podr\u00f3\u017cy<\/strong>.<\/span><\/li>\n<li><span style=\"color: #ffffff;\">Chcesz by\u0107 bardziej &#8222;eko&#8221;, ale obawiasz si\u0119, \u017ce to jest trudne, wi\u0119c <strong>szukasz prostych rozwi\u0105za\u0144, kt\u00f3re\u00a0 wska\u017c\u0105 Ci drog\u0119<\/strong>.<\/span><\/li>\n<li><span style=\"color: #ffffff;\">Chcesz by\u0107 bardziej &#8222;eko&#8221;, ale zwyczajnie Ci si\u0119 nie chce, bo to wymaga wysi\u0142ku, wi\u0119c<strong> szukasz motywacji i inspiracji<\/strong>.<\/span><\/li>\n<\/ul>\n<p><span style=\"color: #ffffff;\">Je\u015bli wi\u0119kszo\u015b\u0107 z tych stwierdze\u0144 z Tob\u0105 rezonuje, jestem pewna, \u017ce tre\u015b\u0107 e-booka jest skrojona dla Ciebie! Po jego przeczytaniu Twoje podr\u00f3\u017cowanie zmieni si\u0119 na lepsze zar\u00f3wno dla Ciebie, jak i dla \u015brodowiska oraz lokalnych spo\u0142eczno\u015bci, kt\u00f3re spotykasz w podr\u00f3\u017cy. <\/span><\/p>\n<h2><span style=\"color: #ffffff;\">Konkrety, czyli co znajdziesz w e-booku?<\/span><\/h2>\n<ul>\n<li><span style=\"color: #ffffff;\"><img decoding=\"async\" loading=\"lazy\" class=\"c alignright wp-image-7145 lazyload\" data-src=\"https:\/\/timetravelbee.com\/wp-content\/uploads\/2022\/08\/jak-podrozowac-swiadomie-ebook-700x467.jpg\" alt=\"\" width=\"500\" height=\"333\" data-srcset=\"https:\/\/timetravelbee.com\/wp-content\/uploads\/2022\/08\/jak-podrozowac-swiadomie-ebook-700x467.jpg 700w, https:\/\/timetravelbee.com\/wp-content\/uploads\/2022\/08\/jak-podrozowac-swiadomie-ebook-scaled-600x400.jpg 600w, https:\/\/timetravelbee.com\/wp-content\/uploads\/2022\/08\/jak-podrozowac-swiadomie-ebook-768x512.jpg 768w, https:\/\/timetravelbee.com\/wp-content\/uploads\/2022\/08\/jak-podrozowac-swiadomie-ebook-1536x1024.jpg 1536w, https:\/\/timetravelbee.com\/wp-content\/uploads\/2022\/08\/jak-podrozowac-swiadomie-ebook-2048x1365.jpg 2048w\" data-sizes=\"(max-width: 500px) 100vw, 500px\" src=\"data:image\/gif;base64,R0lGODlhAQABAAAAACH5BAEKAAEALAAAAAABAAEAAAICTAEAOw==\" style=\"--smush-placeholder-width: 500px; --smush-placeholder-aspect-ratio: 500\/333;\" \/><noscript><img decoding=\"async\" loading=\"lazy\" class=\"c alignright wp-image-7145\" src=\"https:\/\/timetravelbee.com\/wp-content\/uploads\/2022\/08\/jak-podrozowac-swiadomie-ebook-700x467.jpg\" alt=\"\" width=\"500\" height=\"333\" srcset=\"https:\/\/timetravelbee.com\/wp-content\/uploads\/2022\/08\/jak-podrozowac-swiadomie-ebook-700x467.jpg 700w, https:\/\/timetravelbee.com\/wp-content\/uploads\/2022\/08\/jak-podrozowac-swiadomie-ebook-scaled-600x400.jpg 600w, https:\/\/timetravelbee.com\/wp-content\/uploads\/2022\/08\/jak-podrozowac-swiadomie-ebook-768x512.jpg 768w, https:\/\/timetravelbee.com\/wp-content\/uploads\/2022\/08\/jak-podrozowac-swiadomie-ebook-1536x1024.jpg 1536w, https:\/\/timetravelbee.com\/wp-content\/uploads\/2022\/08\/jak-podrozowac-swiadomie-ebook-2048x1365.jpg 2048w\" sizes=\"(max-width: 500px) 100vw, 500px\" \/><\/noscript>Jak si\u0119 przygotowa\u0107 do zr\u00f3wnowa\u017conej podr\u00f3\u017cy?<\/span><\/li>\n<li><span style=\"color: #ffffff;\">Sprawdzone sposoby na to jak podr\u00f3\u017cowa\u0107 wywo\u0142uj\u0105c pozytywny wp\u0142yw na \u015brodowisko\u00a0<\/span><\/li>\n<li><span style=\"color: #ffffff;\">Gdzie kupowa\u0107, gdzie spa\u0107 by pomaga\u0107, a nie szkodzi\u0107?<\/span><\/li>\n<li><span style=\"color: #ffffff;\">Jak ograniczy\u0107 \u015bmieci w podr\u00f3\u017cy, szczeg\u00f3lnie plastik?<\/span><\/li>\n<li><span style=\"color: #ffffff;\">Jak podr\u00f3\u017cowa\u0107 w rytmie <em>slow?<\/em><\/span><\/li>\n<li><span style=\"color: #ffffff;\">B\u0142\u0119dy jakie najcz\u0119\u015bciej pope\u0142niaj\u0105 tury\u015bci, nie\u015bwiadomie niszcz\u0105c faun\u0119 i flor\u0119<\/span><\/li>\n<li><span style=\"color: #ffffff;\">W jaki spos\u00f3b szanowa\u0107 lokaln\u0105 kultur\u0119 oraz wspiera\u0107 lokalne dzia\u0142alno\u015bci?<\/span><\/li>\n<li><span style=\"color: #ffffff;\">Jak dba\u0107 o siebie w podr\u00f3\u017cy?<\/span><\/li>\n<li><span style=\"color: #ffffff;\">Jak wprowadzi\u0107 minimalizm w podr\u00f3\u017cowanie?<\/span><\/li>\n<\/ul>\n<p><span style=\"color: #ffffff;\">Dodatkowo:<\/span><\/p>\n<ul>\n<li><span style=\"color: #ffffff;\">Przydatne linki<\/span><\/li>\n<li><span style=\"color: #ffffff;\">Historie z podr\u00f3\u017cy i zdj\u0119cia<\/span><\/li>\n<li><span style=\"color: #ffffff;\">Moja droga to \u015bwiadomych podr\u00f3\u017cy<\/span><\/li>\n<\/ul>\n<h2><span style=\"color: #ffffff;\">Jak to wygl\u0105da w \u015brodku?<\/span><\/h2>\n<p><span style=\"color: #ffffff;\">E-book zawiera<strong> 70 stron<\/strong> i jest dost\u0119pny tylko <strong>w formacie PDF<\/strong>.\u00a0 Mo\u017cesz go czyta\u0107 na <strong>komputerze, laptopie, tablecie i smartfonie<\/strong>.\u00a0<\/span><\/p>\n<p><span style=\"color: #ffffff;\">To lekka lektura bez encyklopedycznego, sztywnego j\u0119zyka. Wiedz\u0119 i porady wzbogaci\u0142am praktycznymi przyk\u0142adami i moj\u0105 osobist\u0105 histori\u0105 na drodze ku \u015bwiadomym podr\u00f3\u017com.\u00a0<\/span><\/p>\n<h2><span style=\"color: #ffffff;\">Sk\u0105d wynika cena?<\/span><\/h2>\n<p><span style=\"color: #ffffff;\">Sp\u0119dzi\u0142am nad e-bookiem wiele miesi\u0119cy i w\u0142o\u017cy\u0142am w niego serce. To wiele godzin pracy nad pisaniem, korygowaniem, projektowaniem designu.\u00a0 Znam jego warto\u015b\u0107.<\/span><\/p>\n<p><span style=\"color: #ffffff;\">Je\u015bli masz jakie\u015b pytania lub w\u0105tpliwo\u015bci, napisz do mnie: contacttimetravelbee@gmail.com<\/span><\/p>","protected":false},"excerpt":{"rendered":"<p><span style=\"color: #ffffff;\">My\u015blisz, \u017ce ekologiczne podr\u00f3\u017cowanie jest drogie i wymaga wielu wyrzecze\u0144?<\/span><\/p>\n<p><span style=\"color: #ffffff;\">Udowodni\u0119 Ci, \u017ce tak nie jest!<\/span><\/p>\n<p><span style=\"color: #ffffff;\">Poka\u017c\u0119 Ci jak podr\u00f3\u017cowa\u0107, by nie szkodzi\u0107.<br \/>\nKrok po kroku prowadz\u0119 ku bardziej \u015bwiadomemu podejmowaniu decyzji w podr\u00f3\u017cy, pokazuj\u0119 jak zaoszcz\u0119dzi\u0107 w podr\u00f3\u017cy i przy tym robi\u0107 co\u015b dobrego dla planety.<br \/>\n<\/span><span style=\"color: #ffffff;\">E-book to zbi\u00f3r praktycznych wskaz\u00f3wek jak podr\u00f3\u017cowa\u0107 lepiej dla \u015brodowiska, ludzi i nas samych.<\/span><\/p>\n<p><span style=\"color: #ffffff;\">Przeczytaj opis poni\u017cej, by dowiedzie\u0107 si\u0119 wi\u0119cej.<\/span><\/p>\n","protected":false},"featured_media":7162,"comment_status":"open","ping_status":"closed","template":"","meta":[],"product_cat":[],"product_tag":[],"yoast_head":"<!-- This site is optimized with the Yoast SEO plugin v21.0 - https:\/\/yoast.com\/wordpress\/plugins\/seo\/ -->\n<title>E-book &quot;Jak podr\u00f3\u017cowa\u0107 \u015bwiadomie?&quot; | Time Travel Bee | Responsible Travel Blog<\/title>\n<meta name=\"description\" content=\"Chcesz podr\u00f3\u017cowa\u0107 lepiej dla \u015brodowiska, ludzi oraz w zgodzie z samym sob\u0105? W e-booku &quot;Jak podr\u00f3\u017cowa\u0107 \u015bwiadomie&quot; znajdziesz mn\u00f3stwo praktycznych porad i inspiracji.\" \/>\n<meta name=\"robots\" content=\"index, follow, max-snippet:-1, max-image-preview:large, max-video-preview:-1\" \/>\n<link rel=\"canonical\" href=\"https:\/\/timetravelbee.com\/pl\/shop\/swiadome-podrozowanie\/\" \/>\n<meta property=\"og:locale\" content=\"pl_PL\" \/>\n<meta property=\"og:type\" content=\"article\" \/>\n<meta property=\"og:title\" content=\"E-book &quot;Jak podr\u00f3\u017cowa\u0107 \u015bwiadomie?&quot; | Time Travel Bee | Responsible Travel Blog\" \/>\n<meta property=\"og:description\" content=\"Chcesz podr\u00f3\u017cowa\u0107 lepiej dla \u015brodowiska, ludzi oraz w zgodzie z samym sob\u0105? W e-booku &quot;Jak podr\u00f3\u017cowa\u0107 \u015bwiadomie&quot; znajdziesz mn\u00f3stwo praktycznych porad i inspiracji.\" \/>\n<meta property=\"og:url\" content=\"https:\/\/timetravelbee.com\/pl\/shop\/swiadome-podrozowanie\/\" \/>\n<meta property=\"og:site_name\" content=\"Time Travel Bee | Responsible Travel Blog\" \/>\n<meta property=\"article:publisher\" content=\"https:\/\/www.facebook.com\/timetravelbee\" \/>\n<meta property=\"article:modified_time\" content=\"2024-06-09T16:01:30+00:00\" \/>\n<meta property=\"og:image\" content=\"https:\/\/timetravelbee.com\/wp-content\/uploads\/2022\/08\/swiadome-podrozowanie-ebook-1-613x700.png\" \/>\n\t<meta property=\"og:image:width\" content=\"613\" \/>\n\t<meta property=\"og:image:height\" content=\"700\" \/>\n\t<meta property=\"og:image:type\" content=\"image\/png\" \/>\n<meta name=\"twitter:card\" content=\"summary_large_image\" \/>\n<meta name=\"twitter:site\" content=\"@TimeTravelBee\" \/>\n<meta name=\"twitter:label1\" content=\"Szacowany czas czytania\" \/>\n\t<meta name=\"twitter:data1\" content=\"4 minuty\" \/>\n<script type=\"application\/ld+json\" class=\"yoast-schema-graph\">{\"@context\":\"https:\/\/schema.org\",\"@graph\":[{\"@type\":\"WebPage\",\"@id\":\"https:\/\/timetravelbee.com\/pl\/shop\/swiadome-podrozowanie\/\",\"url\":\"https:\/\/timetravelbee.com\/pl\/shop\/swiadome-podrozowanie\/\",\"name\":\"E-book \\\"Jak podr\u00f3\u017cowa\u0107 \u015bwiadomie?\\\" | Time Travel Bee | Responsible Travel Blog\",\"isPartOf\":{\"@id\":\"https:\/\/timetravelbee.com\/pl\/#website\"},\"datePublished\":\"2022-08-21T08:41:06+00:00\",\"dateModified\":\"2024-06-09T16:01:30+00:00\",\"description\":\"Chcesz podr\u00f3\u017cowa\u0107 lepiej dla \u015brodowiska, ludzi oraz w zgodzie z samym sob\u0105? W e-booku \\\"Jak podr\u00f3\u017cowa\u0107 \u015bwiadomie\\\" znajdziesz mn\u00f3stwo praktycznych porad i inspiracji.\",\"breadcrumb\":{\"@id\":\"https:\/\/timetravelbee.com\/pl\/shop\/swiadome-podrozowanie\/#breadcrumb\"},\"inLanguage\":\"pl-PL\",\"potentialAction\":[{\"@type\":\"ReadAction\",\"target\":[[\"https:\/\/timetravelbee.com\/pl\/shop\/swiadome-podrozowanie\/\"]]}]},{\"@type\":\"BreadcrumbList\",\"@id\":\"https:\/\/timetravelbee.com\/pl\/shop\/swiadome-podrozowanie\/#breadcrumb\",\"itemListElement\":[{\"@type\":\"ListItem\",\"position\":1,\"name\":\"Home\",\"item\":\"https:\/\/timetravelbee.com\/pl\/\"},{\"@type\":\"ListItem\",\"position\":2,\"name\":\"Shop\",\"item\":\"https:\/\/timetravelbee.com\/pl\/shop\/\"},{\"@type\":\"ListItem\",\"position\":3,\"name\":\"E-book &#8220;Jak podr\u00f3\u017cowa\u0107 \u015bwiadomie?&#8221;\"}]},{\"@type\":\"WebSite\",\"@id\":\"https:\/\/timetravelbee.com\/pl\/#website\",\"url\":\"https:\/\/timetravelbee.com\/pl\/\",\"name\":\"Time Travel Bee | Responsible Travel Blog\",\"description\":\"Time Travel Bee\",\"publisher\":{\"@id\":\"https:\/\/timetravelbee.com\/pl\/#\/schema\/person\/87eb9c76480852e107af0f9624a0045a\"},\"potentialAction\":[{\"@type\":\"SearchAction\",\"target\":{\"@type\":\"EntryPoint\",\"urlTemplate\":\"https:\/\/timetravelbee.com\/pl\/?s={search_term_string}\"},\"query-input\":\"required name=search_term_string\"}],\"inLanguage\":\"pl-PL\"},{\"@type\":[\"Person\",\"Organization\"],\"@id\":\"https:\/\/timetravelbee.com\/pl\/#\/schema\/person\/87eb9c76480852e107af0f9624a0045a\",\"name\":\"Time Travel Bee\",\"image\":{\"@type\":\"ImageObject\",\"inLanguage\":\"pl-PL\",\"@id\":\"https:\/\/timetravelbee.com\/pl\/#\/schema\/person\/image\/\",\"url\":\"https:\/\/timetravelbee.com\/wp-content\/uploads\/logo1.png\",\"contentUrl\":\"https:\/\/timetravelbee.com\/wp-content\/uploads\/logo1.png\",\"width\":412,\"height\":165,\"caption\":\"Time Travel Bee\"},\"logo\":{\"@id\":\"https:\/\/timetravelbee.com\/pl\/#\/schema\/person\/image\/\"},\"description\":\"PL Pszczo\u0142a kocha przyrod\u0119, kwiaty oraz herbat\u0119. Najbardziej sprawia jej przyjemno\u015b\u0107 \u017cycie i podr\u00f3\u017ce w rytmie slow, bez po\u015bpiechu. Stara si\u0119 podr\u00f3\u017cowa\u0107 bardziej ekologicznie i inspirowa\u0107 do tego innych. Lubi poznawa\u0107 inne kultury, tradycje, sp\u0119dza\u0107 czas z lokalnymi i kosztowa\u0107 ich przysmak\u00f3w. Jej ulubione miejsca w ka\u017cdej podr\u00f3\u017cy to uliczne bazary. ENG The Bee is a nature lover and tea addict. Loves the idea of slow life and responsible traveling, constantly trying to improve to bee more eco-friendly. Appreciates old cultures and traditions, loves to immerse with locals, listen to ethnic music as well as taste regional food and drinks. Her favorite spots while traveling are family houses and street markets. Learn more about the author\",\"sameAs\":[\"https:\/\/timetravelbee.com\",\"https:\/\/www.facebook.com\/timetravelbee\",\"https:\/\/instagram.com\/timetravelbee\"]}]}<\/script>\n<!-- \/ Yoast SEO plugin. -->","yoast_head_json":{"title":"E-book \"Jak podr\u00f3\u017cowa\u0107 \u015bwiadomie?\" | Time Travel Bee | Responsible Travel Blog","description":"Chcesz podr\u00f3\u017cowa\u0107 lepiej dla \u015brodowiska, ludzi oraz w zgodzie z samym sob\u0105? W e-booku \"Jak podr\u00f3\u017cowa\u0107 \u015bwiadomie\" znajdziesz mn\u00f3stwo praktycznych porad i inspiracji.","robots":{"index":"index","follow":"follow","max-snippet":"max-snippet:-1","max-image-preview":"max-image-preview:large","max-video-preview":"max-video-preview:-1"},"canonical":"https:\/\/timetravelbee.com\/pl\/shop\/swiadome-podrozowanie\/","og_locale":"pl_PL","og_type":"article","og_title":"E-book \"Jak podr\u00f3\u017cowa\u0107 \u015bwiadomie?\" | Time Travel Bee | Responsible Travel Blog","og_description":"Chcesz podr\u00f3\u017cowa\u0107 lepiej dla \u015brodowiska, ludzi oraz w zgodzie z samym sob\u0105? W e-booku \"Jak podr\u00f3\u017cowa\u0107 \u015bwiadomie\" znajdziesz mn\u00f3stwo praktycznych porad i inspiracji.","og_url":"https:\/\/timetravelbee.com\/pl\/shop\/swiadome-podrozowanie\/","og_site_name":"Time Travel Bee | Responsible Travel Blog","article_publisher":"https:\/\/www.facebook.com\/timetravelbee","article_modified_time":"2024-06-09T16:01:30+00:00","og_image":[{"width":613,"height":700,"url":"https:\/\/timetravelbee.com\/wp-content\/uploads\/2022\/08\/swiadome-podrozowanie-ebook-1-613x700.png","type":"image\/png"}],"twitter_card":"summary_large_image","twitter_site":"@TimeTravelBee","twitter_misc":{"Szacowany czas czytania":"4 minuty"},"schema":{"@context":"https:\/\/schema.org","@graph":[{"@type":"WebPage","@id":"https:\/\/timetravelbee.com\/pl\/shop\/swiadome-podrozowanie\/","url":"https:\/\/timetravelbee.com\/pl\/shop\/swiadome-podrozowanie\/","name":"E-book \"Jak podr\u00f3\u017cowa\u0107 \u015bwiadomie?\" | Time Travel Bee | Responsible Travel Blog","isPartOf":{"@id":"https:\/\/timetravelbee.com\/pl\/#website"},"datePublished":"2022-08-21T08:41:06+00:00","dateModified":"2024-06-09T16:01:30+00:00","description":"Chcesz podr\u00f3\u017cowa\u0107 lepiej dla \u015brodowiska, ludzi oraz w zgodzie z samym sob\u0105? W e-booku \"Jak podr\u00f3\u017cowa\u0107 \u015bwiadomie\" znajdziesz mn\u00f3stwo praktycznych porad i inspiracji.","breadcrumb":{"@id":"https:\/\/timetravelbee.com\/pl\/shop\/swiadome-podrozowanie\/#breadcrumb"},"inLanguage":"pl-PL","potentialAction":[{"@type":"ReadAction","target":[["https:\/\/timetravelbee.com\/pl\/shop\/swiadome-podrozowanie\/"]]}]},{"@type":"BreadcrumbList","@id":"https:\/\/timetravelbee.com\/pl\/shop\/swiadome-podrozowanie\/#breadcrumb","itemListElement":[{"@type":"ListItem","position":1,"name":"Home","item":"https:\/\/timetravelbee.com\/pl\/"},{"@type":"ListItem","position":2,"name":"Shop","item":"https:\/\/timetravelbee.com\/pl\/shop\/"},{"@type":"ListItem","position":3,"name":"E-book &#8220;Jak podr\u00f3\u017cowa\u0107 \u015bwiadomie?&#8221;"}]},{"@type":"WebSite","@id":"https:\/\/timetravelbee.com\/pl\/#website","url":"https:\/\/timetravelbee.com\/pl\/","name":"Time Travel Bee | Responsible Travel Blog","description":"Time Travel Bee","publisher":{"@id":"https:\/\/timetravelbee.com\/pl\/#\/schema\/person\/87eb9c76480852e107af0f9624a0045a"},"potentialAction":[{"@type":"SearchAction","target":{"@type":"EntryPoint","urlTemplate":"https:\/\/timetravelbee.com\/pl\/?s={search_term_string}"},"query-input":"required name=search_term_string"}],"inLanguage":"pl-PL"},{"@type":["Person","Organization"],"@id":"https:\/\/timetravelbee.com\/pl\/#\/schema\/person\/87eb9c76480852e107af0f9624a0045a","name":"Time Travel Bee","image":{"@type":"ImageObject","inLanguage":"pl-PL","@id":"https:\/\/timetravelbee.com\/pl\/#\/schema\/person\/image\/","url":"https:\/\/timetravelbee.com\/wp-content\/uploads\/logo1.png","contentUrl":"https:\/\/timetravelbee.com\/wp-content\/uploads\/logo1.png","width":412,"height":165,"caption":"Time Travel Bee"},"logo":{"@id":"https:\/\/timetravelbee.com\/pl\/#\/schema\/person\/image\/"},"description":"PL Pszczo\u0142a kocha przyrod\u0119, kwiaty oraz herbat\u0119. Najbardziej sprawia jej przyjemno\u015b\u0107 \u017cycie i podr\u00f3\u017ce w rytmie slow, bez po\u015bpiechu. Stara si\u0119 podr\u00f3\u017cowa\u0107 bardziej ekologicznie i inspirowa\u0107 do tego innych. Lubi poznawa\u0107 inne kultury, tradycje, sp\u0119dza\u0107 czas z lokalnymi i kosztowa\u0107 ich przysmak\u00f3w. Jej ulubione miejsca w ka\u017cdej podr\u00f3\u017cy to uliczne bazary. ENG The Bee is a nature lover and tea addict. Loves the idea of slow life and responsible traveling, constantly trying to improve to bee more eco-friendly. Appreciates old cultures and traditions, loves to immerse with locals, listen to ethnic music as well as taste regional food and drinks. Her favorite spots while traveling are family houses and street markets. Learn more about the author","sameAs":["https:\/\/timetravelbee.com","https:\/\/www.facebook.com\/timetravelbee","https:\/\/instagram.com\/timetravelbee"]}]}},"_links":{"self":[{"href":"https:\/\/timetravelbee.com\/pl\/wp-json\/wp\/v2\/product\/7142"}],"collection":[{"href":"https:\/\/timetravelbee.com\/pl\/wp-json\/wp\/v2\/product"}],"about":[{"href":"https:\/\/timetravelbee.com\/pl\/wp-json\/wp\/v2\/types\/product"}],"replies":[{"embeddable":true,"href":"https:\/\/timetravelbee.com\/pl\/wp-json\/wp\/v2\/comments?post=7142"}],"wp:featuredmedia":[{"embeddable":true,"href":"https:\/\/timetravelbee.com\/pl\/wp-json\/wp\/v2\/media\/7162"}],"wp:attachment":[{"href":"https:\/\/timetravelbee.com\/pl\/wp-json\/wp\/v2\/media?parent=7142"}],"wp:term":[{"taxonomy":"product_cat","embeddable":true,"href":"https:\/\/timetravelbee.com\/pl\/wp-json\/wp\/v2\/product_cat?post=7142"},{"taxonomy":"product_tag","embeddable":true,"href":"https:\/\/timetravelbee.com\/pl\/wp-json\/wp\/v2\/product_tag?post=7142"}],"curies":[{"name":"wp","href":"https:\/\/api.w.org\/{rel}","templated":true}]}}