{"id":7234,"date":"2023-07-22T18:08:17","date_gmt":"2023-07-22T16:08:17","guid":{"rendered":"https:\/\/timetravelbee.com\/?post_type=product&#038;p=7234"},"modified":"2024-07-26T02:33:02","modified_gmt":"2024-07-26T00:33:02","slug":"conscious-travel-guide","status":"publish","type":"product","link":"https:\/\/timetravelbee.com\/pl\/shop\/conscious-travel-guide\/","title":{"rendered":"Conscious Travel \u2013 Guide"},"content":{"rendered":"<p><\/p>\n<h2><span style=\"color: #ffffff;\">About responsible travel and me<\/span><\/h2>\n<p><span style=\"color: #ffffff;\"><img decoding=\"async\" loading=\"lazy\" class=\"c alignright wp-image-4558 lazyload\" data-src=\"https:\/\/timetravelbee.com\/wp-content\/uploads\/anitasmall-700x525.jpg\" alt=\"Polish girl in traditional hut from native people in Luzon, Mountain Province.\" width=\"500\" height=\"375\" data-srcset=\"https:\/\/timetravelbee.com\/wp-content\/uploads\/anitasmall-700x525.jpg 700w, https:\/\/timetravelbee.com\/wp-content\/uploads\/anitasmall-150x113.jpg 150w, https:\/\/timetravelbee.com\/wp-content\/uploads\/anitasmall-300x225.jpg 300w, https:\/\/timetravelbee.com\/wp-content\/uploads\/anitasmall-768x576.jpg 768w, https:\/\/timetravelbee.com\/wp-content\/uploads\/anitasmall-600x450.jpg 600w, https:\/\/timetravelbee.com\/wp-content\/uploads\/anitasmall.jpg 1417w\" data-sizes=\"(max-width: 500px) 100vw, 500px\" src=\"data:image\/gif;base64,R0lGODlhAQABAAAAACH5BAEKAAEALAAAAAABAAEAAAICTAEAOw==\" style=\"--smush-placeholder-width: 500px; --smush-placeholder-aspect-ratio: 500\/375;\" \/><noscript><img decoding=\"async\" loading=\"lazy\" class=\"c alignright wp-image-4558\" src=\"https:\/\/timetravelbee.com\/wp-content\/uploads\/anitasmall-700x525.jpg\" alt=\"Polish girl in traditional hut from native people in Luzon, Mountain Province.\" width=\"500\" height=\"375\" srcset=\"https:\/\/timetravelbee.com\/wp-content\/uploads\/anitasmall-700x525.jpg 700w, https:\/\/timetravelbee.com\/wp-content\/uploads\/anitasmall-150x113.jpg 150w, https:\/\/timetravelbee.com\/wp-content\/uploads\/anitasmall-300x225.jpg 300w, https:\/\/timetravelbee.com\/wp-content\/uploads\/anitasmall-768x576.jpg 768w, https:\/\/timetravelbee.com\/wp-content\/uploads\/anitasmall-600x450.jpg 600w, https:\/\/timetravelbee.com\/wp-content\/uploads\/anitasmall.jpg 1417w\" sizes=\"(max-width: 500px) 100vw, 500px\" \/><\/noscript><\/span><\/p>\n<p><span style=\"color: #ffffff;\">My name is Anita, and I love to travel. <span style=\"font-weight: 400;\">Over the last 10 years, I lived in a few different countries and visited over 70.<\/span> <span style=\"font-weight: 400;\">I love to travel slowly and to have time to learn about the local culture.<\/span><\/span><\/p>\n<p><span style=\"color: #ffffff;\"><span style=\"font-weight: 400;\">However, I haven\u2019t always traveled consciously. <span style=\"font-weight: 400;\">In the past, I was not even aware of the times when I was harming the environment. <\/span><\/span><span style=\"font-weight: 400;\">The travel choices I made were based on habits and lack of knowledge about what\u2019s good and what\u2019s bad. I thought my traveling was fine, and that it was other people who were traveling badly, because they littered or didn\u2019t care about nature.<\/span><\/span><\/p>\n<p><span style=\"font-weight: 400; color: #ffffff;\"><span style=\"font-weight: 400;\">Years of traveling has made me more sensitive to the needs of the environment. I understand local communities more, and I know how not harm them and how to help them. <\/span>I\u2019ve also learned to take care of myself while traveling, because I\u2019ve realized how important that is. Finally, I learned how to appreciate every single moment.<\/span><\/p>\n<p><span style=\"color: #ffffff;\">I have discovered several ways for traveling <strong>affordably, sustainably, and without giving up comfort<\/strong>. Now, I would like to share this knowledge and experience with you.<\/span><\/p>\n<h2><span style=\"color: #ffffff;\">Why travel consciously?<\/span><\/h2>\n<ul>\n<li><span style=\"color: #ffffff;\">Conscious travel is usually cheaper.<\/span><\/li>\n<li><span style=\"font-weight: 400; color: #ffffff;\">You support the local economy of the places you travel to.<\/span><\/li>\n<li><span style=\"color: #ffffff;\">You do something good for the planet and inspire others to do the same.<\/span><\/li>\n<li><span style=\"color: #ffffff;\">You can relax and get rest.<\/span><\/li>\n<li><span style=\"color: #ffffff;\">You can meet a lot of people\u2014traveling slowly and staying with locals is an ideal chance to make new friends.<\/span><\/li>\n<li><span style=\"color: #ffffff;\">If you travel more eco-friendly, you will see a lot more.<\/span><\/li>\n<li><span style=\"color: #ffffff;\">You will buy unique souvenirs and try dishes recommended by locals.<\/span><\/li>\n<\/ul>\n<p>&nbsp;<\/p>\n<h2><span style=\"color: #ffffff;\">Why are these things so important?<\/span><\/h2>\n<p><span style=\"color: #ffffff;\">Sometimes I am terrified, when I think about what&#8217;s going on in the world. <span style=\"font-weight: 400;\">Airplanes emit unimaginable amounts of greenhouse gases in their exhaust fumes<\/span>. <span style=\"font-weight: 400;\">The meat industry is destroying huge tracts of jungle and consuming a great deal of water. We are irretrievably losing plant and animal species. Every day, people produce millions of tons of garbage that will take centuries to decompose, and some will never decompose. We all know that our planet has been already greatly destroyed by man.<\/span><\/span><\/p>\n<p><span style=\"font-weight: 400; color: #ffffff;\">Tourism is also a degrading industry. Especially if we are talking about mass tourism, that is, crowded places with lots of hotel facilities and restaurants. Nature can be particularly depleted in these places, yet we prefer the opposite in our travels\u2014admiring its untouched beauty.<\/span><\/p>\n<p><span style=\"font-weight: 400; color: #ffffff;\">However, this is not the time to complain, but to act. Your actions matter! By traveling consciously you will have a real impact on the local economy, reduce your negative influence on the environment, and contribute to a positive change.<\/span><\/p>\n<p><span style=\"color: #ffffff;\"><span style=\"font-weight: 400;\">Worried that you won\u2019t make it? <\/span><span style=\"font-weight: 400;\">It\u2019s not important to be perfect and 100% eco-friendly. I don\u2019t think that\u2019s even possible. What is important is to start changing habits, step by step, to more conscious travel.<\/span><\/span><\/p>\n<p><span style=\"color: #ffffff;\">Ready to go on this journey with me?<\/span><\/p>\n<h2><span style=\"color: #ffffff;\">Is this e-book for you?\u00a0<\/span><\/h2>\n<p><span style=\"color: #ffffff;\"><strong>YES, IF:<\/strong><\/span><\/p>\n<ul>\n<li><span style=\"color: #ffffff;\"><span style=\"font-weight: 400;\">First of all, <\/span><b>you love to travel,<\/b><span style=\"font-weight: 400;\"> and you are aware that traveling is not always eco-friendly. At the same time you love it too much to give it up. Instead, you prefer to learn how to reduce harmful activities on your trip.<\/span><\/span><\/li>\n<li><span style=\"color: #ffffff;\"><b>You<\/b> <b>want to travel more eco-friendly<\/b><span style=\"font-weight: 400;\">, but you are afraid that it costs much more.<\/span><\/span><\/li>\n<li><span style=\"color: #ffffff;\"><strong>You want to make your way of traveling for more sustainable<\/strong>, but don&#8217;t want to give up the comfort.<\/span><\/li>\n<li><span style=\"color: #ffffff;\"><strong>You want to do something good for the planet<\/strong>,<span style=\"font-weight: 400;\">\u00a0but not if you would need to constantly make sacrifices.<\/span><\/span><\/li>\n<li><span style=\"color: #ffffff;\">You want to know <strong>how you can contribute to the quality of life of local communities<\/strong>, not to harm them.<\/span><\/li>\n<li><span style=\"color: #ffffff;\"><strong>You care about reducing waste<\/strong>, especially plastic.<\/span><\/li>\n<li><span style=\"color: #ffffff;\">You want to know <strong>how to take travel decisions consciously<span style=\"font-weight: 400;\">\u2014d<\/span><\/strong>ecisions that will have a positive impact.<\/span><\/li>\n<li><span style=\"color: #ffffff;\">You want to travel more green, but<strong> you fear that it is difficult<\/strong>, so you look for simple solutions to show you the way.<\/span><\/li>\n<li><span style=\"color: #ffffff;\">You want to travel more green, but you think it&#8217;s hard and takes a lot of effort, so <strong>you look for motivation and inspiration<\/strong>.<\/span><\/li>\n<\/ul>\n<p><span style=\"color: #ffffff;\"><strong>If most of these statements resonate with you, I&#8217;m sure you will greatly benefit from this e-book. Step by step, it will introduce you better ways of traveling.<\/strong><\/span><\/p>\n<p>&nbsp;<\/p>\n<h2><span style=\"color: #ffffff;\">What\u00a0will you find in this <em>Conscious Travel<\/em>\u00a0e-book?<\/span><\/h2>\n<p>&nbsp;<\/p>\n<ul>\n<li><span style=\"color: #ffffff;\">How to reduce your negative impact on the environment while traveling?<\/span><\/li>\n<li><span style=\"color: #ffffff;\">Easy and cheap ways to reduce trash when traveling?<\/span><\/li>\n<li><span style=\"color: #ffffff;\">How to travel slowly?<\/span><\/li>\n<li><span style=\"color: #ffffff;\">What are the common mistakes tourists make?<\/span><\/li>\n<li><span style=\"color: #ffffff;\">In which ways you can respect local culture and support local communities?<\/span><\/li>\n<li><span style=\"color: #ffffff;\">Tips on how to take care of yourself while traveling on a busy schedule?<\/span><\/li>\n<li><span style=\"color: #ffffff;\">How to implement minimalism into your travel?<\/span><\/li>\n<\/ul>\n<p><span style=\"color: #ffffff;\">Additionally:<\/span><\/p>\n<ul>\n<li><span style=\"color: #ffffff;\">Useful links<\/span><\/li>\n<li style=\"font-weight: 400;\" aria-level=\"1\"><span style=\"color: #ffffff;\"><span style=\"font-weight: 400;\">Personal stories from my trips and my path to conscious traveling.<\/span><br \/>\n<\/span><\/li>\n<\/ul>\n<p><span style=\"color: #ffffff;\"><img decoding=\"async\" loading=\"lazy\" class=\"c aligncenter wp-image-7273 lazyload\" style=\"--smush-placeholder-width: 700px; --smush-placeholder-aspect-ratio: 700\/466;margin-top: 10px; margin-bottom: 10px;\" data-src=\"https:\/\/timetravelbee.com\/wp-content\/uploads\/2023\/07\/5555-1000x667.jpg\" alt=\"Responsible travel\" width=\"700\" height=\"466\" data-srcset=\"https:\/\/timetravelbee.com\/wp-content\/uploads\/2023\/07\/5555-1000x667.jpg 1000w, https:\/\/timetravelbee.com\/wp-content\/uploads\/2023\/07\/5555-1700x1133.jpg 1700w, https:\/\/timetravelbee.com\/wp-content\/uploads\/2023\/07\/5555-150x100.jpg 150w, https:\/\/timetravelbee.com\/wp-content\/uploads\/2023\/07\/5555-768x512.jpg 768w, https:\/\/timetravelbee.com\/wp-content\/uploads\/2023\/07\/5555-1536x1024.jpg 1536w, https:\/\/timetravelbee.com\/wp-content\/uploads\/2023\/07\/5555-2048x1365.jpg 2048w, https:\/\/timetravelbee.com\/wp-content\/uploads\/2023\/07\/5555-600x400.jpg 600w\" data-sizes=\"(max-width: 700px) 100vw, 700px\" src=\"data:image\/gif;base64,R0lGODlhAQABAAAAACH5BAEKAAEALAAAAAABAAEAAAICTAEAOw==\" \/><noscript><img decoding=\"async\" loading=\"lazy\" class=\"c aligncenter wp-image-7273\" style=\"margin-top: 10px; margin-bottom: 10px;\" src=\"https:\/\/timetravelbee.com\/wp-content\/uploads\/2023\/07\/5555-1000x667.jpg\" alt=\"Responsible travel\" width=\"700\" height=\"466\" srcset=\"https:\/\/timetravelbee.com\/wp-content\/uploads\/2023\/07\/5555-1000x667.jpg 1000w, https:\/\/timetravelbee.com\/wp-content\/uploads\/2023\/07\/5555-1700x1133.jpg 1700w, https:\/\/timetravelbee.com\/wp-content\/uploads\/2023\/07\/5555-150x100.jpg 150w, https:\/\/timetravelbee.com\/wp-content\/uploads\/2023\/07\/5555-768x512.jpg 768w, https:\/\/timetravelbee.com\/wp-content\/uploads\/2023\/07\/5555-1536x1024.jpg 1536w, https:\/\/timetravelbee.com\/wp-content\/uploads\/2023\/07\/5555-2048x1365.jpg 2048w, https:\/\/timetravelbee.com\/wp-content\/uploads\/2023\/07\/5555-600x400.jpg 600w\" sizes=\"(max-width: 700px) 100vw, 700px\" \/><\/noscript><\/span><\/p>\n<h2><span style=\"color: #ffffff;\">Specifics<\/span><\/h2>\n<p><span style=\"color: #ffffff;\"><span style=\"font-weight: 400;\">This e-book guide, <\/span><i><span style=\"font-weight: 400;\">Conscious Travel<\/span><\/i><span style=\"font-weight: 400;\">, contains<\/span> <strong>70 pages<\/strong> and is only available in <strong>PDF format<\/strong>. You can read it on your <strong>computer, laptop, tablet or smartphone<\/strong>.<\/span><\/p>\n<p><span style=\"color: #ffffff;\"><strong>Knowledge made simple, advices made practical<\/strong>.<\/span><\/p>\n<h2><span style=\"color: #ffffff;\">Price<\/span><\/h2>\n<p><span style=\"font-weight: 400; color: #ffffff;\">I spent several months preparing this e-book, and I put my heart into it. It is the result of many hours of work: writing and designing. I know its value, and I could easily price it at $20\u2013$30.<\/span><\/p>\n<p><span style=\"font-weight: 400; color: #ffffff;\">Nevertheless, I don\u2019t want the cost to be a barrier to people\u2019s access to information about being eco-friendly, which is now so important for all of us. That\u2019s why I\u2019ve decided on a temporary promotion, in the hope that this e-book will reach more people, and there will be more of us\u2014conscious travelers.<\/span><\/p>\n<h2><span style=\"color: #ffffff;\">How to purchase?<\/span><\/h2>\n<p><span style=\"color: #ffffff;\">Click the &#8222;ADD TO CART&#8217; button above and click the cart button to see your order. Choose your preffered payment option. Payments are securely operated by STRIPE. After purchasing the pdf will be downloadable on this page. If you have any questions or concerns, please email me: contacttimetravelbee@gmail.com<\/span><\/p>","protected":false},"excerpt":{"rendered":"<p><span style=\"color: #ffffff;\"><span style=\"font-weight: 400;\">Do you think that traveling more eco-friendly is super-expensive<\/span> or <span style=\"font-weight: 400;\">requires making constant sacrifices<\/span>?<\/span><\/p>\n<p><span style=\"font-weight: 400; color: #ffffff;\">Years of my travel experience has shown me that it doesn\u2019t!<\/span><\/p>\n<p><span style=\"color: #ffffff;\"><span style=\"font-weight: 400;\">I will show you how to reduce your negative impact on the environment while traveling. I will guide you towards making more thoughtful choices when you travel.<br \/>\nI will share advice on how to travel affordably, unwind without worry, and benefit the environment at the same time.<\/span>\u00a0This E-book, <em>Conscious Travel<\/em>, offers some useful tips on how to travel better for the <span style=\"font-weight: 400;\">environment, other people and ourselves.<\/span><\/span><\/p>\n<p><span style=\"color: #ffffff;\">For further information, see the description below.<\/span><\/p>\n","protected":false},"featured_media":7233,"comment_status":"open","ping_status":"closed","template":"","meta":[],"product_cat":[],"product_tag":[],"yoast_head":"<!-- This site is optimized with the Yoast SEO plugin v21.0 - https:\/\/yoast.com\/wordpress\/plugins\/seo\/ -->\n<title>Conscious Travel \u2013 Guide | Time Travel Bee | Responsible Travel Blog<\/title>\n<meta name=\"description\" content=\"Do you think sustianable travel is expensive and requires constant sacrifices? I will show you it&#039;s not true! Step by step you will learn how to change your travel habits...\" \/>\n<meta name=\"robots\" content=\"index, follow, max-snippet:-1, max-image-preview:large, max-video-preview:-1\" \/>\n<link rel=\"canonical\" href=\"https:\/\/timetravelbee.com\/pl\/shop\/conscious-travel-guide\/\" \/>\n<meta property=\"og:locale\" content=\"pl_PL\" \/>\n<meta property=\"og:type\" content=\"article\" \/>\n<meta property=\"og:title\" content=\"Conscious Travel \u2013 Guide | Time Travel Bee | Responsible Travel Blog\" \/>\n<meta property=\"og:description\" content=\"Do you think sustianable travel is expensive and requires constant sacrifices? I will show you it&#039;s not true! Step by step you will learn how to change your travel habits...\" \/>\n<meta property=\"og:url\" content=\"https:\/\/timetravelbee.com\/pl\/shop\/conscious-travel-guide\/\" \/>\n<meta property=\"og:site_name\" content=\"Time Travel Bee | Responsible Travel Blog\" \/>\n<meta property=\"article:publisher\" content=\"https:\/\/www.facebook.com\/timetravelbee\" \/>\n<meta property=\"article:modified_time\" content=\"2024-07-26T00:33:02+00:00\" \/>\n<meta property=\"og:image\" content=\"https:\/\/timetravelbee.com\/wp-content\/uploads\/2022\/08\/Conscious-Travel-Guide-1488x1700.png\" \/>\n\t<meta property=\"og:image:width\" content=\"1488\" \/>\n\t<meta property=\"og:image:height\" content=\"1700\" \/>\n\t<meta property=\"og:image:type\" content=\"image\/png\" \/>\n<meta name=\"twitter:card\" content=\"summary_large_image\" \/>\n<meta name=\"twitter:site\" content=\"@TimeTravelBee\" \/>\n<meta name=\"twitter:label1\" content=\"Szacowany czas czytania\" \/>\n\t<meta name=\"twitter:data1\" content=\"5 minut\" \/>\n<script type=\"application\/ld+json\" class=\"yoast-schema-graph\">{\"@context\":\"https:\/\/schema.org\",\"@graph\":[{\"@type\":\"WebPage\",\"@id\":\"https:\/\/timetravelbee.com\/pl\/shop\/conscious-travel-guide\/\",\"url\":\"https:\/\/timetravelbee.com\/pl\/shop\/conscious-travel-guide\/\",\"name\":\"Conscious Travel \u2013 Guide | Time Travel Bee | Responsible Travel Blog\",\"isPartOf\":{\"@id\":\"https:\/\/timetravelbee.com\/pl\/#website\"},\"datePublished\":\"2023-07-22T16:08:17+00:00\",\"dateModified\":\"2024-07-26T00:33:02+00:00\",\"description\":\"Do you think sustianable travel is expensive and requires constant sacrifices? I will show you it's not true! Step by step you will learn how to change your travel habits...\",\"breadcrumb\":{\"@id\":\"https:\/\/timetravelbee.com\/pl\/shop\/conscious-travel-guide\/#breadcrumb\"},\"inLanguage\":\"pl-PL\",\"potentialAction\":[{\"@type\":\"ReadAction\",\"target\":[[\"https:\/\/timetravelbee.com\/pl\/shop\/conscious-travel-guide\/\"]]}]},{\"@type\":\"BreadcrumbList\",\"@id\":\"https:\/\/timetravelbee.com\/pl\/shop\/conscious-travel-guide\/#breadcrumb\",\"itemListElement\":[{\"@type\":\"ListItem\",\"position\":1,\"name\":\"Home\",\"item\":\"https:\/\/timetravelbee.com\/pl\/\"},{\"@type\":\"ListItem\",\"position\":2,\"name\":\"Shop\",\"item\":\"https:\/\/timetravelbee.com\/pl\/shop\/\"},{\"@type\":\"ListItem\",\"position\":3,\"name\":\"Conscious Travel \u2013 Guide\"}]},{\"@type\":\"WebSite\",\"@id\":\"https:\/\/timetravelbee.com\/pl\/#website\",\"url\":\"https:\/\/timetravelbee.com\/pl\/\",\"name\":\"Time Travel Bee | Responsible Travel Blog\",\"description\":\"Time Travel Bee\",\"publisher\":{\"@id\":\"https:\/\/timetravelbee.com\/pl\/#\/schema\/person\/87eb9c76480852e107af0f9624a0045a\"},\"potentialAction\":[{\"@type\":\"SearchAction\",\"target\":{\"@type\":\"EntryPoint\",\"urlTemplate\":\"https:\/\/timetravelbee.com\/pl\/?s={search_term_string}\"},\"query-input\":\"required name=search_term_string\"}],\"inLanguage\":\"pl-PL\"},{\"@type\":[\"Person\",\"Organization\"],\"@id\":\"https:\/\/timetravelbee.com\/pl\/#\/schema\/person\/87eb9c76480852e107af0f9624a0045a\",\"name\":\"Time Travel Bee\",\"image\":{\"@type\":\"ImageObject\",\"inLanguage\":\"pl-PL\",\"@id\":\"https:\/\/timetravelbee.com\/pl\/#\/schema\/person\/image\/\",\"url\":\"https:\/\/timetravelbee.com\/wp-content\/uploads\/logo1.png\",\"contentUrl\":\"https:\/\/timetravelbee.com\/wp-content\/uploads\/logo1.png\",\"width\":412,\"height\":165,\"caption\":\"Time Travel Bee\"},\"logo\":{\"@id\":\"https:\/\/timetravelbee.com\/pl\/#\/schema\/person\/image\/\"},\"description\":\"PL Pszczo\u0142a kocha przyrod\u0119, kwiaty oraz herbat\u0119. Najbardziej sprawia jej przyjemno\u015b\u0107 \u017cycie i podr\u00f3\u017ce w rytmie slow, bez po\u015bpiechu. Stara si\u0119 podr\u00f3\u017cowa\u0107 bardziej ekologicznie i inspirowa\u0107 do tego innych. Lubi poznawa\u0107 inne kultury, tradycje, sp\u0119dza\u0107 czas z lokalnymi i kosztowa\u0107 ich przysmak\u00f3w. Jej ulubione miejsca w ka\u017cdej podr\u00f3\u017cy to uliczne bazary. ENG The Bee is a nature lover and tea addict. Loves the idea of slow life and responsible traveling, constantly trying to improve to bee more eco-friendly. Appreciates old cultures and traditions, loves to immerse with locals, listen to ethnic music as well as taste regional food and drinks. Her favorite spots while traveling are family houses and street markets. Learn more about the author\",\"sameAs\":[\"https:\/\/timetravelbee.com\",\"https:\/\/www.facebook.com\/timetravelbee\",\"https:\/\/instagram.com\/timetravelbee\"]}]}<\/script>\n<!-- \/ Yoast SEO plugin. -->","yoast_head_json":{"title":"Conscious Travel \u2013 Guide | Time Travel Bee | Responsible Travel Blog","description":"Do you think sustianable travel is expensive and requires constant sacrifices? I will show you it's not true! Step by step you will learn how to change your travel habits...","robots":{"index":"index","follow":"follow","max-snippet":"max-snippet:-1","max-image-preview":"max-image-preview:large","max-video-preview":"max-video-preview:-1"},"canonical":"https:\/\/timetravelbee.com\/pl\/shop\/conscious-travel-guide\/","og_locale":"pl_PL","og_type":"article","og_title":"Conscious Travel \u2013 Guide | Time Travel Bee | Responsible Travel Blog","og_description":"Do you think sustianable travel is expensive and requires constant sacrifices? I will show you it's not true! Step by step you will learn how to change your travel habits...","og_url":"https:\/\/timetravelbee.com\/pl\/shop\/conscious-travel-guide\/","og_site_name":"Time Travel Bee | Responsible Travel Blog","article_publisher":"https:\/\/www.facebook.com\/timetravelbee","article_modified_time":"2024-07-26T00:33:02+00:00","og_image":[{"width":1488,"height":1700,"url":"https:\/\/timetravelbee.com\/wp-content\/uploads\/2022\/08\/Conscious-Travel-Guide-1488x1700.png","type":"image\/png"}],"twitter_card":"summary_large_image","twitter_site":"@TimeTravelBee","twitter_misc":{"Szacowany czas czytania":"5 minut"},"schema":{"@context":"https:\/\/schema.org","@graph":[{"@type":"WebPage","@id":"https:\/\/timetravelbee.com\/pl\/shop\/conscious-travel-guide\/","url":"https:\/\/timetravelbee.com\/pl\/shop\/conscious-travel-guide\/","name":"Conscious Travel \u2013 Guide | Time Travel Bee | Responsible Travel Blog","isPartOf":{"@id":"https:\/\/timetravelbee.com\/pl\/#website"},"datePublished":"2023-07-22T16:08:17+00:00","dateModified":"2024-07-26T00:33:02+00:00","description":"Do you think sustianable travel is expensive and requires constant sacrifices? I will show you it's not true! Step by step you will learn how to change your travel habits...","breadcrumb":{"@id":"https:\/\/timetravelbee.com\/pl\/shop\/conscious-travel-guide\/#breadcrumb"},"inLanguage":"pl-PL","potentialAction":[{"@type":"ReadAction","target":[["https:\/\/timetravelbee.com\/pl\/shop\/conscious-travel-guide\/"]]}]},{"@type":"BreadcrumbList","@id":"https:\/\/timetravelbee.com\/pl\/shop\/conscious-travel-guide\/#breadcrumb","itemListElement":[{"@type":"ListItem","position":1,"name":"Home","item":"https:\/\/timetravelbee.com\/pl\/"},{"@type":"ListItem","position":2,"name":"Shop","item":"https:\/\/timetravelbee.com\/pl\/shop\/"},{"@type":"ListItem","position":3,"name":"Conscious Travel \u2013 Guide"}]},{"@type":"WebSite","@id":"https:\/\/timetravelbee.com\/pl\/#website","url":"https:\/\/timetravelbee.com\/pl\/","name":"Time Travel Bee | Responsible Travel Blog","description":"Time Travel Bee","publisher":{"@id":"https:\/\/timetravelbee.com\/pl\/#\/schema\/person\/87eb9c76480852e107af0f9624a0045a"},"potentialAction":[{"@type":"SearchAction","target":{"@type":"EntryPoint","urlTemplate":"https:\/\/timetravelbee.com\/pl\/?s={search_term_string}"},"query-input":"required name=search_term_string"}],"inLanguage":"pl-PL"},{"@type":["Person","Organization"],"@id":"https:\/\/timetravelbee.com\/pl\/#\/schema\/person\/87eb9c76480852e107af0f9624a0045a","name":"Time Travel Bee","image":{"@type":"ImageObject","inLanguage":"pl-PL","@id":"https:\/\/timetravelbee.com\/pl\/#\/schema\/person\/image\/","url":"https:\/\/timetravelbee.com\/wp-content\/uploads\/logo1.png","contentUrl":"https:\/\/timetravelbee.com\/wp-content\/uploads\/logo1.png","width":412,"height":165,"caption":"Time Travel Bee"},"logo":{"@id":"https:\/\/timetravelbee.com\/pl\/#\/schema\/person\/image\/"},"description":"PL Pszczo\u0142a kocha przyrod\u0119, kwiaty oraz herbat\u0119. Najbardziej sprawia jej przyjemno\u015b\u0107 \u017cycie i podr\u00f3\u017ce w rytmie slow, bez po\u015bpiechu. Stara si\u0119 podr\u00f3\u017cowa\u0107 bardziej ekologicznie i inspirowa\u0107 do tego innych. Lubi poznawa\u0107 inne kultury, tradycje, sp\u0119dza\u0107 czas z lokalnymi i kosztowa\u0107 ich przysmak\u00f3w. Jej ulubione miejsca w ka\u017cdej podr\u00f3\u017cy to uliczne bazary. ENG The Bee is a nature lover and tea addict. Loves the idea of slow life and responsible traveling, constantly trying to improve to bee more eco-friendly. Appreciates old cultures and traditions, loves to immerse with locals, listen to ethnic music as well as taste regional food and drinks. Her favorite spots while traveling are family houses and street markets. Learn more about the author","sameAs":["https:\/\/timetravelbee.com","https:\/\/www.facebook.com\/timetravelbee","https:\/\/instagram.com\/timetravelbee"]}]}},"_links":{"self":[{"href":"https:\/\/timetravelbee.com\/pl\/wp-json\/wp\/v2\/product\/7234"}],"collection":[{"href":"https:\/\/timetravelbee.com\/pl\/wp-json\/wp\/v2\/product"}],"about":[{"href":"https:\/\/timetravelbee.com\/pl\/wp-json\/wp\/v2\/types\/product"}],"replies":[{"embeddable":true,"href":"https:\/\/timetravelbee.com\/pl\/wp-json\/wp\/v2\/comments?post=7234"}],"wp:featuredmedia":[{"embeddable":true,"href":"https:\/\/timetravelbee.com\/pl\/wp-json\/wp\/v2\/media\/7233"}],"wp:attachment":[{"href":"https:\/\/timetravelbee.com\/pl\/wp-json\/wp\/v2\/media?parent=7234"}],"wp:term":[{"taxonomy":"product_cat","embeddable":true,"href":"https:\/\/timetravelbee.com\/pl\/wp-json\/wp\/v2\/product_cat?post=7234"},{"taxonomy":"product_tag","embeddable":true,"href":"https:\/\/timetravelbee.com\/pl\/wp-json\/wp\/v2\/product_tag?post=7234"}],"curies":[{"name":"wp","href":"https:\/\/api.w.org\/{rel}","templated":true}]}}