{"id":7253,"date":"2023-07-25T19:56:59","date_gmt":"2023-07-25T17:56:59","guid":{"rendered":"https:\/\/timetravelbee.com\/?post_type=product&#038;p=7253"},"modified":"2024-07-26T02:13:04","modified_gmt":"2024-07-26T00:13:04","slug":"bees-helping-earrings","status":"publish","type":"product","link":"https:\/\/timetravelbee.com\/pl\/shop\/bees-helping-earrings\/","title":{"rendered":"Kolczyki Pszczo\u0142y, kt\u00f3re pomagaj\u0105 chroni\u0107 zapylacze"},"content":{"rendered":"<p><\/p>\n<h2><span style=\"color: #ffffff;\">Dlaczego pszczo\u0142y s\u0105 zagro\u017cone wygini\u0119ciem?<\/span><\/h2>\n<p><span style=\"color: #ffffff;\">Pszczo\u0142y znajduj\u0105 si\u0119 oficjalnie na li\u015bcie zagro\u017conych gatunk\u00f3w. Niestety ich \u017cycie nie jest \u0142atwe i istnieje wiele czynnik\u00f3w, kt\u00f3re je zabijaj\u0105. Przede wszystkim to \u015bmiertelna mieszanka pestycyd\u00f3w stosowanych w rolnictwie, paso\u017cyty i choroby atakuj\u0105ce pszczo\u0142y jak warroza (wywo\u0142ana przez paj\u0119czaki) oraz zmiany klimatyczne. <\/span><\/p>\n<p><span style=\"color: #ffffff;\">Pochodz\u0119 z ma\u0142ej miejscowo\u015bci w okolicach <strong><a style=\"color: #ffffff;\" href=\"https:\/\/timetravelbee.com\/pl\/places\/sandomierz\/\">Sandomierza,<\/a><\/strong> gdzie nowoczesne metody rolnictwa przemys\u0142owego rozwin\u0119\u0142y si\u0119 na szerok\u0105 skal\u0119. Powszechnie stosuje si\u0119 tu pestycydy szkodliwe dla pszcz\u00f3\u0142 i innych owad\u00f3w zapylaj\u0105cych. Coraz rzadziej mo\u017cna zobaczy\u0107 \u0142\u0105k\u0119, a ogr\u00f3dki przydomowe zast\u0105pi\u0142y pi\u0119knie wygolone trawniki. \u017beby znale\u017a\u0107 niegdy\u015b pospolite zio\u0142a, musz\u0119 \u015bmiga\u0107 bardzo daleko rowerem, gdzie osta\u0142y si\u0119 jeszcze nieopryskane chemi\u0105 zak\u0105tki.<\/span><\/p>\n<p><span style=\"color: #ffffff;\">Populacja pszcz\u00f3\u0142 prze\u017cywa powa\u017cny kryzys. Od lat 90-tych ubieg\u0142ego wieku pszczelarze odnotowali zaskakuj\u0105cy spadek liczby populacji na ca\u0142ym \u015bwiecie. Bez nich wy\u017cywienie rosn\u0105cej populacji cz\u0142owieka b\u0119dzie praktycznie niemo\u017cliwe. Nadszed\u0142 czas, aby zakaza\u0107 stosowania tych szkodliwych pestycyd\u00f3w oraz podj\u0105\u0107 kroki by uratowa\u0107 pszczo\u0142y przed wygini\u0119ciem. Kupuj\u0105c kolczyki przekazujesz 40% koszt\u00f3w na akcj\u0119 ratowania pszcz\u00f3\u0142.<\/span><\/p>\n<h2><span style=\"color: #ffffff;\">Dlaczego powinni\u015bmy ratowa\u0107 pszczo\u0142y?<\/span><\/h2>\n<p><span style=\"color: #ffffff;\">Wierzcie lub nie, to pszczo\u0142om powinni\u015bmy dzi\u0119kowa\u0107 za co trzeci posi\u0142ek. Pszczo\u0142y s\u0105 niezb\u0119dne do \u017cycia na Ziemi. Przenosz\u0105 py\u0142ek z m\u0119skich cz\u0119\u015bci kwiat\u00f3w do \u017ce\u0144skich. Bez tego procesu wiele ro\u015blin nie zosta\u0142oby zapylonych, a wi\u0119c nie by\u0142oby w stanie wyprodukowa\u0107 owoc\u00f3w, warzyw i kwiat\u00f3w. Pszczo\u0142y wykonuj\u0105 oko\u0142o 80% wszystkich zapyle\u0144. Oznacza to, \u017ce oko\u0142o 80% spo\u017cywanej przez nas \u017cywno\u015bci pochodzi z upraw zapylanych przez pszczo\u0142y. Albert Einstein powiedzia\u0142, \u017ce je\u015bli zniknie z powierzchni Ziemi ostatnia pszczo\u0142a, cz\u0142owiekowi zostanie ju\u017c tylko 4 lata \u017cycia. Warto ratowa\u0107 pszczo\u0142y dla nas i przysz\u0142ych pokole\u0144.<\/span><\/p>\n<h2><span style=\"color: #ffffff;\">No\u015b kolczyki i pomagaj pszczo\u0142om<\/span><\/h2>\n<p><span style=\"color: #ffffff;\">Akcja Adoptuj Pszczo\u0142\u0119 jest prowadzona przez Greenpeace Polska. Naukowcy co roku zbieraj\u0105 informacje o stanie populacji dzikich pszcz\u00f3\u0142 w Polsce. Buduj\u0105 dla nich nowe siedliska oraz niweluj\u0105 zagra\u017caj\u0105ce pszczo\u0142om inwazyjne ro\u015bliny. Walcz\u0105 te\u017c o zaprzestanie stosowania szkodliwych dla zapylaczy pestycyd\u00f3w. Stworzyli ju\u017c mi\u0119dzy innymi: hotele dla zapylaczy w 16 miastach Polski, szkolenia dla rolnik\u00f3w o szkodliwych dla zapylaczy \u015brodkach ochrony ro\u015blin, narodow\u0105 strategi\u0119 ochrony owad\u00f3w zapylaj\u0105cych.<\/span><\/p>\n<p><span style=\"color: #ffffff;\">Symboliczna adopcja pszczo\u0142y w tej\u017ce akcji, wspiera dzia\u0142ania fundacji Greenpeace. Akcja prowadzi dzia\u0142ania zaufane i skuteczne ju\u017c od 10 lat. Wsp\u00f3lnie mo\u017cemy pomaga\u0107 pszczo\u0142om i zadba\u0107 o przyjazne dla nich \u015brodowisko!<\/span><\/p>\n<h2><span style=\"color: #ffffff;\">Dlaczego warto posiada\u0107 kolczyki pszcz\u00f3\u0142ki?<\/span><\/h2>\n<ul>\n<li><span style=\"color: #ffffff;\">Kolczyki s\u0105<strong> idealne na prezent<\/strong>.<\/span><\/li>\n<li><span style=\"color: #ffffff;\"><strong>Pasuj\u0105 do wi\u0119kszo\u015bci kreacji i ka\u017cd\u0105 potrafi\u0105 o\u017cywi\u0107<\/strong>.<\/span><\/li>\n<li><span style=\"color: #ffffff;\"><strong>Zwracaj\u0105 uwag\u0119 i wywo\u0142uj\u0105 u\u015bmiech.<\/strong><\/span><\/li>\n<li><span style=\"color: #ffffff;\"><strong>To zakup, kt\u00f3ry realnie pomaga.<\/strong><\/span><\/li>\n<li><span style=\"color: #ffffff;\">Noszenie kolczyk\u00f3w pszcz\u00f3\u0142ek to swego rodzaju <strong>propagowanie pomagania pszczo\u0142om<\/strong>. Wiele os\u00f3b zwraca na nie uwag\u0119, pyta, a wtedy ja informuj\u0119 o powa\u017cnym deficycie pszcz\u00f3\u0142.<\/span><\/li>\n<li><span style=\"color: #ffffff;\">Kolczyki zrobione s\u0105 z <strong>trwa\u0142ej modeliny<\/strong>.<\/span><\/li>\n<\/ul>\n<h2><span style=\"color: #ffffff;\">O pszczelich kolczykach<\/span><\/h2>\n<p><span style=\"color: #ffffff;\">Kolczyki s\u0105 malutkie i nie za ci\u0119\u017ckie do noszenia. Pami\u0119taj, \u017ce to produkt, kt\u00f3ry wykonuj\u0119 r\u0119cznie, wi\u0119c mo\u017ce w minimalnym stopniu r\u00f3\u017cni\u0107 si\u0119 od zamieszczonego zdj\u0119cia. Pszczo\u0142a ma wysoko\u015b\u0107 ~2 cm, a ca\u0142y kolczyk ~5 cm. Kolczyki wykona\u0142am z trwa\u0142ej modeliny, jednak nale\u017cy pami\u0119ta\u0107, \u017ce to nie kamie\u0144 i testu na skakanie po nich mog\u0105 nie zda\u0107. Bigle hipoalergiczne. Pszczo\u0142y przesy\u0142am w opakowaniach i z drugiej r\u0119ki. <\/span><\/p>\n<p><span style=\"color: #ffffff;\">Wysy\u0142am paczkomatem Inpost. Podczas zakupu prosz\u0119 o wpisanie informacji odno\u015bnie wysy\u0142ki tj. Imi\u0119 i Nazwisko, nr telefonu oraz kod wybranego paczkomatu.<\/span><\/p>\n<p><span style=\"color: #ffffff;\">Wa\u017cne! Pszczo\u0142y produkuj\u0119 tylko jak jestem w domu. A \u017ce do\u015b\u0107 cz\u0119sto podr\u00f3\u017cuj\u0119, to nie zawsze produkt b\u0119dzie dost\u0119pny &#8222;na stanie&#8221;. Dlatego je\u015bli widzisz je dost\u0119pne, kupuj czym pr\u0119dzej, bo szybko mog\u0105 znikn\u0105\u0107! Je\u015bli za\u015b widzisz informacj\u0119, \u017ce brak pszcz\u00f3\u0142 w ulu, to napisz do mnie maila contacttimetravelbee@gmail.com. Odpowiem kiedy mo\u017cesz si\u0119 spodziewa\u0107 nowej dostawy pszcz\u00f3\u0142.<\/span><\/p>","protected":false},"excerpt":{"rendered":"<h2><span style=\"color: #ffffff;\">R\u0119cznie robione kolczyki, kt\u00f3re pomagaj\u0105 pszczo\u0142om?\u00a0<\/span><\/h2>\n<p><span style=\"color: #ffffff;\">25% ka\u017cdej zakupionej pary kolczyk\u00f3w przekazuj\u0119 na akcj\u0119 Greenpeace &#8222;Adoptuj Pszczo\u0142\u0119&#8221;, co po przekalkulowaniu daje 5 zaadoptowanych pszcz\u00f3\u0142 dzi\u0119ki Twojemu zakupowi.<\/span><\/p>\n<p><span style=\"color: #ffffff;\">Dzi\u0119kuj\u0119, \u017ce jeste\u015b tu dla pszcz\u00f3\u0142ek. Te po\u017cyteczne zapylacze s\u0105 w powa\u017cnych tarapatach!<\/span><\/p>\n<p><span style=\"color: #ffffff;\">Przeczytaj opis poni\u017cej, by dowiedzie\u0107 si\u0119 wi\u0119cej.<\/span><\/p>\n","protected":false},"featured_media":7254,"comment_status":"open","ping_status":"closed","template":"","meta":[],"product_cat":[],"product_tag":[],"yoast_head":"<!-- This site is optimized with the Yoast SEO plugin v21.0 - https:\/\/yoast.com\/wordpress\/plugins\/seo\/ -->\n<title>Kolczyki Pszczo\u0142y, kt\u00f3re pomagaj\u0105 chroni\u0107 zapylacze | Time Travel Bee | Responsible Travel Blog<\/title>\n<meta name=\"robots\" content=\"index, follow, max-snippet:-1, max-image-preview:large, max-video-preview:-1\" \/>\n<link rel=\"canonical\" href=\"https:\/\/timetravelbee.com\/pl\/shop\/bees-helping-earrings\/\" \/>\n<meta property=\"og:locale\" content=\"pl_PL\" \/>\n<meta property=\"og:type\" content=\"article\" \/>\n<meta property=\"og:title\" content=\"Kolczyki Pszczo\u0142y, kt\u00f3re pomagaj\u0105 chroni\u0107 zapylacze | Time Travel Bee | Responsible Travel Blog\" \/>\n<meta property=\"og:description\" content=\"R\u0119cznie robione kolczyki, kt\u00f3re pomagaj\u0105 pszczo\u0142om?\u00a0 25% ka\u017cdej zakupionej pary kolczyk\u00f3w przekazuj\u0119 na akcj\u0119 Greenpeace &quot;Adoptuj Pszczo\u0142\u0119&quot;, co po przekalkulowaniu daje 5 zaadoptowanych pszcz\u00f3\u0142 dzi\u0119ki Twojemu zakupowi.  Dzi\u0119kuj\u0119, \u017ce jeste\u015b tu dla pszcz\u00f3\u0142ek. Te po\u017cyteczne zapylacze s\u0105 w powa\u017cnych tarapatach!  Przeczytaj opis poni\u017cej, by dowiedzie\u0107 si\u0119 wi\u0119cej.\" \/>\n<meta property=\"og:url\" content=\"https:\/\/timetravelbee.com\/pl\/shop\/bees-helping-earrings\/\" \/>\n<meta property=\"og:site_name\" content=\"Time Travel Bee | Responsible Travel Blog\" \/>\n<meta property=\"article:publisher\" content=\"https:\/\/www.facebook.com\/timetravelbee\" \/>\n<meta property=\"article:modified_time\" content=\"2024-07-26T00:13:04+00:00\" \/>\n<meta property=\"og:image\" content=\"https:\/\/timetravelbee.com\/wp-content\/uploads\/2023\/07\/pszczoly-e1690309166910.png\" \/>\n\t<meta property=\"og:image:width\" content=\"1500\" \/>\n\t<meta property=\"og:image:height\" content=\"2250\" \/>\n\t<meta property=\"og:image:type\" content=\"image\/png\" \/>\n<meta name=\"twitter:card\" content=\"summary_large_image\" \/>\n<meta name=\"twitter:site\" content=\"@TimeTravelBee\" \/>\n<meta name=\"twitter:label1\" content=\"Szacowany czas czytania\" \/>\n\t<meta name=\"twitter:data1\" content=\"3 minuty\" \/>\n<script type=\"application\/ld+json\" class=\"yoast-schema-graph\">{\"@context\":\"https:\/\/schema.org\",\"@graph\":[{\"@type\":\"WebPage\",\"@id\":\"https:\/\/timetravelbee.com\/pl\/shop\/bees-helping-earrings\/\",\"url\":\"https:\/\/timetravelbee.com\/pl\/shop\/bees-helping-earrings\/\",\"name\":\"Kolczyki Pszczo\u0142y, kt\u00f3re pomagaj\u0105 chroni\u0107 zapylacze | Time Travel Bee | Responsible Travel Blog\",\"isPartOf\":{\"@id\":\"https:\/\/timetravelbee.com\/pl\/#website\"},\"datePublished\":\"2023-07-25T17:56:59+00:00\",\"dateModified\":\"2024-07-26T00:13:04+00:00\",\"breadcrumb\":{\"@id\":\"https:\/\/timetravelbee.com\/pl\/shop\/bees-helping-earrings\/#breadcrumb\"},\"inLanguage\":\"pl-PL\",\"potentialAction\":[{\"@type\":\"ReadAction\",\"target\":[[\"https:\/\/timetravelbee.com\/pl\/shop\/bees-helping-earrings\/\"]]}]},{\"@type\":\"BreadcrumbList\",\"@id\":\"https:\/\/timetravelbee.com\/pl\/shop\/bees-helping-earrings\/#breadcrumb\",\"itemListElement\":[{\"@type\":\"ListItem\",\"position\":1,\"name\":\"Home\",\"item\":\"https:\/\/timetravelbee.com\/pl\/\"},{\"@type\":\"ListItem\",\"position\":2,\"name\":\"Shop\",\"item\":\"https:\/\/timetravelbee.com\/pl\/shop\/\"},{\"@type\":\"ListItem\",\"position\":3,\"name\":\"Bees-Helping Earrings\"}]},{\"@type\":\"WebSite\",\"@id\":\"https:\/\/timetravelbee.com\/pl\/#website\",\"url\":\"https:\/\/timetravelbee.com\/pl\/\",\"name\":\"Time Travel Bee | Responsible Travel Blog\",\"description\":\"Time Travel Bee\",\"publisher\":{\"@id\":\"https:\/\/timetravelbee.com\/pl\/#\/schema\/person\/87eb9c76480852e107af0f9624a0045a\"},\"potentialAction\":[{\"@type\":\"SearchAction\",\"target\":{\"@type\":\"EntryPoint\",\"urlTemplate\":\"https:\/\/timetravelbee.com\/pl\/?s={search_term_string}\"},\"query-input\":\"required name=search_term_string\"}],\"inLanguage\":\"pl-PL\"},{\"@type\":[\"Person\",\"Organization\"],\"@id\":\"https:\/\/timetravelbee.com\/pl\/#\/schema\/person\/87eb9c76480852e107af0f9624a0045a\",\"name\":\"Time Travel Bee\",\"image\":{\"@type\":\"ImageObject\",\"inLanguage\":\"pl-PL\",\"@id\":\"https:\/\/timetravelbee.com\/pl\/#\/schema\/person\/image\/\",\"url\":\"https:\/\/timetravelbee.com\/wp-content\/uploads\/logo1.png\",\"contentUrl\":\"https:\/\/timetravelbee.com\/wp-content\/uploads\/logo1.png\",\"width\":412,\"height\":165,\"caption\":\"Time Travel Bee\"},\"logo\":{\"@id\":\"https:\/\/timetravelbee.com\/pl\/#\/schema\/person\/image\/\"},\"description\":\"PL Pszczo\u0142a kocha przyrod\u0119, kwiaty oraz herbat\u0119. Najbardziej sprawia jej przyjemno\u015b\u0107 \u017cycie i podr\u00f3\u017ce w rytmie slow, bez po\u015bpiechu. Stara si\u0119 podr\u00f3\u017cowa\u0107 bardziej ekologicznie i inspirowa\u0107 do tego innych. Lubi poznawa\u0107 inne kultury, tradycje, sp\u0119dza\u0107 czas z lokalnymi i kosztowa\u0107 ich przysmak\u00f3w. Jej ulubione miejsca w ka\u017cdej podr\u00f3\u017cy to uliczne bazary. ENG The Bee is a nature lover and tea addict. Loves the idea of slow life and responsible traveling, constantly trying to improve to bee more eco-friendly. Appreciates old cultures and traditions, loves to immerse with locals, listen to ethnic music as well as taste regional food and drinks. Her favorite spots while traveling are family houses and street markets. Learn more about the author\",\"sameAs\":[\"https:\/\/timetravelbee.com\",\"https:\/\/www.facebook.com\/timetravelbee\",\"https:\/\/instagram.com\/timetravelbee\"]}]}<\/script>\n<!-- \/ Yoast SEO plugin. -->","yoast_head_json":{"title":"Kolczyki Pszczo\u0142y, kt\u00f3re pomagaj\u0105 chroni\u0107 zapylacze | Time Travel Bee | Responsible Travel Blog","robots":{"index":"index","follow":"follow","max-snippet":"max-snippet:-1","max-image-preview":"max-image-preview:large","max-video-preview":"max-video-preview:-1"},"canonical":"https:\/\/timetravelbee.com\/pl\/shop\/bees-helping-earrings\/","og_locale":"pl_PL","og_type":"article","og_title":"Kolczyki Pszczo\u0142y, kt\u00f3re pomagaj\u0105 chroni\u0107 zapylacze | Time Travel Bee | Responsible Travel Blog","og_description":"R\u0119cznie robione kolczyki, kt\u00f3re pomagaj\u0105 pszczo\u0142om?\u00a0 25% ka\u017cdej zakupionej pary kolczyk\u00f3w przekazuj\u0119 na akcj\u0119 Greenpeace \"Adoptuj Pszczo\u0142\u0119\", co po przekalkulowaniu daje 5 zaadoptowanych pszcz\u00f3\u0142 dzi\u0119ki Twojemu zakupowi.  Dzi\u0119kuj\u0119, \u017ce jeste\u015b tu dla pszcz\u00f3\u0142ek. Te po\u017cyteczne zapylacze s\u0105 w powa\u017cnych tarapatach!  Przeczytaj opis poni\u017cej, by dowiedzie\u0107 si\u0119 wi\u0119cej.","og_url":"https:\/\/timetravelbee.com\/pl\/shop\/bees-helping-earrings\/","og_site_name":"Time Travel Bee | Responsible Travel Blog","article_publisher":"https:\/\/www.facebook.com\/timetravelbee","article_modified_time":"2024-07-26T00:13:04+00:00","og_image":[{"width":1500,"height":2250,"url":"https:\/\/timetravelbee.com\/wp-content\/uploads\/2023\/07\/pszczoly-e1690309166910.png","type":"image\/png"}],"twitter_card":"summary_large_image","twitter_site":"@TimeTravelBee","twitter_misc":{"Szacowany czas czytania":"3 minuty"},"schema":{"@context":"https:\/\/schema.org","@graph":[{"@type":"WebPage","@id":"https:\/\/timetravelbee.com\/pl\/shop\/bees-helping-earrings\/","url":"https:\/\/timetravelbee.com\/pl\/shop\/bees-helping-earrings\/","name":"Kolczyki Pszczo\u0142y, kt\u00f3re pomagaj\u0105 chroni\u0107 zapylacze | Time Travel Bee | Responsible Travel Blog","isPartOf":{"@id":"https:\/\/timetravelbee.com\/pl\/#website"},"datePublished":"2023-07-25T17:56:59+00:00","dateModified":"2024-07-26T00:13:04+00:00","breadcrumb":{"@id":"https:\/\/timetravelbee.com\/pl\/shop\/bees-helping-earrings\/#breadcrumb"},"inLanguage":"pl-PL","potentialAction":[{"@type":"ReadAction","target":[["https:\/\/timetravelbee.com\/pl\/shop\/bees-helping-earrings\/"]]}]},{"@type":"BreadcrumbList","@id":"https:\/\/timetravelbee.com\/pl\/shop\/bees-helping-earrings\/#breadcrumb","itemListElement":[{"@type":"ListItem","position":1,"name":"Home","item":"https:\/\/timetravelbee.com\/pl\/"},{"@type":"ListItem","position":2,"name":"Shop","item":"https:\/\/timetravelbee.com\/pl\/shop\/"},{"@type":"ListItem","position":3,"name":"Bees-Helping Earrings"}]},{"@type":"WebSite","@id":"https:\/\/timetravelbee.com\/pl\/#website","url":"https:\/\/timetravelbee.com\/pl\/","name":"Time Travel Bee | Responsible Travel Blog","description":"Time Travel Bee","publisher":{"@id":"https:\/\/timetravelbee.com\/pl\/#\/schema\/person\/87eb9c76480852e107af0f9624a0045a"},"potentialAction":[{"@type":"SearchAction","target":{"@type":"EntryPoint","urlTemplate":"https:\/\/timetravelbee.com\/pl\/?s={search_term_string}"},"query-input":"required name=search_term_string"}],"inLanguage":"pl-PL"},{"@type":["Person","Organization"],"@id":"https:\/\/timetravelbee.com\/pl\/#\/schema\/person\/87eb9c76480852e107af0f9624a0045a","name":"Time Travel Bee","image":{"@type":"ImageObject","inLanguage":"pl-PL","@id":"https:\/\/timetravelbee.com\/pl\/#\/schema\/person\/image\/","url":"https:\/\/timetravelbee.com\/wp-content\/uploads\/logo1.png","contentUrl":"https:\/\/timetravelbee.com\/wp-content\/uploads\/logo1.png","width":412,"height":165,"caption":"Time Travel Bee"},"logo":{"@id":"https:\/\/timetravelbee.com\/pl\/#\/schema\/person\/image\/"},"description":"PL Pszczo\u0142a kocha przyrod\u0119, kwiaty oraz herbat\u0119. Najbardziej sprawia jej przyjemno\u015b\u0107 \u017cycie i podr\u00f3\u017ce w rytmie slow, bez po\u015bpiechu. Stara si\u0119 podr\u00f3\u017cowa\u0107 bardziej ekologicznie i inspirowa\u0107 do tego innych. Lubi poznawa\u0107 inne kultury, tradycje, sp\u0119dza\u0107 czas z lokalnymi i kosztowa\u0107 ich przysmak\u00f3w. Jej ulubione miejsca w ka\u017cdej podr\u00f3\u017cy to uliczne bazary. ENG The Bee is a nature lover and tea addict. Loves the idea of slow life and responsible traveling, constantly trying to improve to bee more eco-friendly. Appreciates old cultures and traditions, loves to immerse with locals, listen to ethnic music as well as taste regional food and drinks. Her favorite spots while traveling are family houses and street markets. Learn more about the author","sameAs":["https:\/\/timetravelbee.com","https:\/\/www.facebook.com\/timetravelbee","https:\/\/instagram.com\/timetravelbee"]}]}},"_links":{"self":[{"href":"https:\/\/timetravelbee.com\/pl\/wp-json\/wp\/v2\/product\/7253"}],"collection":[{"href":"https:\/\/timetravelbee.com\/pl\/wp-json\/wp\/v2\/product"}],"about":[{"href":"https:\/\/timetravelbee.com\/pl\/wp-json\/wp\/v2\/types\/product"}],"replies":[{"embeddable":true,"href":"https:\/\/timetravelbee.com\/pl\/wp-json\/wp\/v2\/comments?post=7253"}],"wp:featuredmedia":[{"embeddable":true,"href":"https:\/\/timetravelbee.com\/pl\/wp-json\/wp\/v2\/media\/7254"}],"wp:attachment":[{"href":"https:\/\/timetravelbee.com\/pl\/wp-json\/wp\/v2\/media?parent=7253"}],"wp:term":[{"taxonomy":"product_cat","embeddable":true,"href":"https:\/\/timetravelbee.com\/pl\/wp-json\/wp\/v2\/product_cat?post=7253"},{"taxonomy":"product_tag","embeddable":true,"href":"https:\/\/timetravelbee.com\/pl\/wp-json\/wp\/v2\/product_tag?post=7253"}],"curies":[{"name":"wp","href":"https:\/\/api.w.org\/{rel}","templated":true}]}}