{"id":7382,"date":"2024-06-19T18:40:38","date_gmt":"2024-06-19T16:40:38","guid":{"rendered":"https:\/\/timetravelbee.com\/?post_type=product&#038;p=7382"},"modified":"2024-10-23T09:36:47","modified_gmt":"2024-10-23T07:36:47","slug":"jak-zostac-cyfrowym-nomada-i-podrozowac-po-swiecie","status":"publish","type":"product","link":"https:\/\/timetravelbee.com\/pl\/shop\/jak-zostac-cyfrowym-nomada-i-podrozowac-po-swiecie\/","title":{"rendered":"Jak zosta\u0107 cyfrowym nomad\u0105 i podr\u00f3\u017cowa\u0107 po \u015bwiecie?"},"content":{"rendered":"<p><\/p>\n<h2><span style=\"color: #ffffff;\">Jak pracowa\u0107 zdalnie i zosta\u0107 cyfrowym nomad\u0105?<\/span><\/h2>\n<p><span style=\"color: #ffffff;\">Pandemia sprawi\u0142a, \u017ce wi\u0119kszo\u015b\u0107 os\u00f3b musia\u0142a pracowa\u0107 zdalnie. Nie tylko firmy, ale te\u017c sami pracownicy zrozumieli, \u017ce si\u0119 da i wcale nie wp\u0142ywa to negatywnie na produktywno\u015b\u0107. W\u0142a\u015bnie wtedy i ja pracowa\u0142am z domu i szybko zauwa\u017cy\u0142am, \u017ce dni na zdalnym to by\u0142y moje ulubione dni w pracy! M\u0119czy\u0142o mnie \u015brodowisko w pracy, by\u0142am bardziej kreatywna i zrelaksowana sam na sam z laptopem. Po tym do\u015bwiadczeniu by\u0142o dla mnie jasne czego chc\u0119, a czego nie. Chcia\u0142am odmiany, wolno\u015bci, elastyczno\u015bci i mo\u017cliwo\u015bci podr\u00f3\u017cowania wi\u0119cej ni\u017c 3 tygodnie w roku. Wiedzia\u0142am, \u017ce w biurze si\u0119 dusz\u0119, stresuj\u0105 mnie interakcje z lud\u017ami, a ka\u017cdy dzie\u0144 wygl\u0105da podobnie. Czeka\u0142am tylko a\u017c b\u0119dzie pi\u0105tek, pi\u0105teczek, pi\u0105tunio, a w weekend paradoksalnie nie mia\u0142am energii na nic wi\u0119cej ni\u017c tylko ogarn\u0105\u0107 mieszkanie i zrobi\u0107 zakupy.<\/span><\/p>\n<p><span style=\"color: #ffffff;\">Odk\u0105d pracuj\u0119 zdalnie moje \u017cycie si\u0119 zmieni\u0142o, czuj\u0119 si\u0119 wolna. Cz\u0119sta zmiana miejsc wykonywania pracy okaza\u0142a si\u0119 ciekawym urozmaiceniem i wyzwaniem. Ka\u017cdy dzie\u0144 jest inny i mog\u0119 go ustawi\u0107 tak, jak chc\u0119. To co robi\u0119 po pracy sprawia, \u017ce czuj\u0119, \u017ce \u017cyj\u0119 pe\u0142ni\u0105 \u017cycia! Odwiedzi\u0142am ju\u017c 75 pa\u0144stw i jestem prawie ca\u0142y czas w podr\u00f3\u017cy. Kiedy si\u0119 zm\u0119cz\u0119 osiadam w tanim kraju z dobr\u0105 pogod\u0105 na d\u0142u\u017cej. Wybieram ile chc\u0119 pracowa\u0107, tym samym ile zarabiam. Pieni\u0105dze, kt\u00f3re p\u0142aci\u0142abym w Polsce na wynajem i utrzymanie, wydaj\u0119 na spe\u0142nianie marze\u0144 i zwiedzanie \u015bwiata. Ty te\u017c mo\u017cesz tak \u017cy\u0107! I jestem tu po to, by krok po kroku przeprowadzi\u0107 Ci\u0119 przez ten proces, niezale\u017cnie od tego czy masz ju\u017c pomys\u0142 na siebie, czy te\u017c nie.<\/span><\/p>\n<h2><span style=\"color: #ffffff;\">Co znajdziesz w e-booku?<\/span><\/h2>\n<ul>\n<li><span style=\"color: #ffffff;\">Jakie cechy charakteru przydaj\u0105 si\u0119 w pracy zdalnej i czy ka\u017cdy mo\u017ce j\u0105 wykonywa\u0107.<\/span><\/li>\n<li><span style=\"color: #ffffff;\">Plusy i minusy pracy zdalnej.<\/span><\/li>\n<li><span style=\"color: #ffffff;\">List\u0119 zawod\u00f3w, kt\u00f3re mo\u017cna wykonywa\u0107 zdalnie i inspiruj\u0105ce historie nieoczywistych profesji.<\/span><\/li>\n<li><span style=\"color: #ffffff;\">Czy warto si\u0119 przebran\u017cowi\u0107 i jak znale\u017a\u0107 pomys\u0142 na siebie?<\/span><\/li>\n<li><span style=\"color: #ffffff;\">Jak si\u0119 przygotowa\u0107 do pracy zdalnej?<\/span><\/li>\n<li><span style=\"color: #ffffff;\">Jak zacz\u0105\u0107 szuka\u0107 pracy zdalnej?<\/span><\/li>\n<li><span style=\"color: #ffffff;\">Pot\u0119\u017cn\u0105 list\u0119 stron internetowych, na kt\u00f3rych szuka\u0142am pracy zdalnej (polskie i zagraniczne)<\/span><\/li>\n<li><span style=\"color: #ffffff;\">Jak si\u0119 rozlicza\u0107 z pracy zdalnej?<\/span><\/li>\n<li><span style=\"color: #ffffff;\">Kiedy trzeba za\u0142o\u017cy\u0107 firm\u0119?<\/span><\/li>\n<li><span style=\"color: #ffffff;\">Ubezpieczenie cyfrowego nomada.<\/span><\/li>\n<li><span style=\"color: #ffffff;\">Sprz\u0119t i zdalne biuro &#8211; informacje praktyczne i jak si\u0119 przygotowa\u0107 do podr\u00f3\u017cy.<\/span><\/li>\n<li><span style=\"color: #ffffff;\">Obszerna lista stron internetowych, kt\u00f3re u\u0142atwiaj\u0105 \u017cycie cyfrowym nomadom.<\/span><\/li>\n<li><span style=\"color: #ffffff;\">Najlepsze kraje do pracy zdalnej i najgorsze.<\/span><\/li>\n<li><span style=\"color: #ffffff;\">Z\u0142ote porady ekspert\u00f3w w pracy zdalnej.<\/span><\/li>\n<\/ul>\n<h2><span style=\"color: #ffffff;\"><img decoding=\"async\" loading=\"lazy\" class=\"aligncenter wp-image-7388 size-full lazyload\" data-src=\"https:\/\/timetravelbee.com\/wp-content\/uploads\/2024\/06\/praca-zdalna-s.png\" alt=\"Jak zosta\u0107 cyfrowym nomad\u0105 i podr\u00f3\u017cowa\u0107 po \u015bwiecie.\" width=\"875\" height=\"1000\" data-srcset=\"https:\/\/timetravelbee.com\/wp-content\/uploads\/2024\/06\/praca-zdalna-s.png 875w, https:\/\/timetravelbee.com\/wp-content\/uploads\/2024\/06\/praca-zdalna-s-131x150.png 131w, https:\/\/timetravelbee.com\/wp-content\/uploads\/2024\/06\/praca-zdalna-s-768x878.png 768w, https:\/\/timetravelbee.com\/wp-content\/uploads\/2024\/06\/praca-zdalna-s-600x686.png 600w\" data-sizes=\"(max-width: 875px) 100vw, 875px\" src=\"data:image\/gif;base64,R0lGODlhAQABAAAAACH5BAEKAAEALAAAAAABAAEAAAICTAEAOw==\" style=\"--smush-placeholder-width: 875px; --smush-placeholder-aspect-ratio: 875\/1000;\" \/><noscript><img decoding=\"async\" loading=\"lazy\" class=\"aligncenter wp-image-7388 size-full\" src=\"https:\/\/timetravelbee.com\/wp-content\/uploads\/2024\/06\/praca-zdalna-s.png\" alt=\"Jak zosta\u0107 cyfrowym nomad\u0105 i podr\u00f3\u017cowa\u0107 po \u015bwiecie.\" width=\"875\" height=\"1000\" srcset=\"https:\/\/timetravelbee.com\/wp-content\/uploads\/2024\/06\/praca-zdalna-s.png 875w, https:\/\/timetravelbee.com\/wp-content\/uploads\/2024\/06\/praca-zdalna-s-131x150.png 131w, https:\/\/timetravelbee.com\/wp-content\/uploads\/2024\/06\/praca-zdalna-s-768x878.png 768w, https:\/\/timetravelbee.com\/wp-content\/uploads\/2024\/06\/praca-zdalna-s-600x686.png 600w\" sizes=\"(max-width: 875px) 100vw, 875px\" \/><\/noscript>Dla kogo jest ten e-book?<\/span><\/h2>\n<p><span style=\"color: #ffffff;\">E-book to <strong>kompendium wiedzy dla os\u00f3b, kt\u00f3re chc\u0105 zacz\u0105\u0107 pracowa\u0107 zdalnie i podr\u00f3\u017cowa\u0107 po \u015bwiecie<\/strong>. To <strong>\u017ar\u00f3d\u0142o po\u017cytecznych wskaz\u00f3wek, porad ekspert\u00f3w i stron internetowych, kt\u00f3rych wyszukanie zaj\u0119\u0142oby Ci sporo czasu<\/strong>. Informacje w nim zawarte <strong>to wiedza, kt\u00f3r\u0105 gromadzi\u0142am przez lata, a Ty masz tu wszystko w jednym miejscu<\/strong> &#8211; w przyst\u0119pnej formie, po polsku i z interaktywnymi linkami, dzi\u0119ki czemu jednym klikni\u0119ciem przejdziesz do polecanej strony. Opr\u00f3cz praktycznej strony e-booka jest jeszcze ta z <strong>porz\u0105dn\u0105 dawk\u0105 inspiracji i motywacji<\/strong>, czyli historie cyfrowym nomad\u00f3w i ich wskaz\u00f3wki dla Ciebie.<\/span><\/p>\n<h2><span style=\"color: #ffffff;\">Dlaczego warto kupi\u0107 e-book w przedsprzeda\u017cy?<\/span><\/h2>\n<p><span style=\"color: #ffffff;\">E-book jest wci\u0105\u017c w przygotowaniu i wy\u015bl\u0119 go do Ciebie w dniu premiery. Planowana data publikacji to 14 listopada 2025. E-booka nie przeczytasz zaraz po zakupie st\u0105d <strong>\u015bmiesznie niska cena, kt\u00f3r\u0105 mo\u017cesz otrzyma\u0107 tylko w przedsprzeda\u017cy<\/strong>! To niesamowita okazja! <\/span><\/p>\n<p><span style=\"color: #ffffff;\">Dla mnie przedsprzeda\u017c to <strong>ogromna motywacja do pracy<\/strong> &#8211; kiedy kto\u015b kupuje jeszcze nie gotowy produkt wiem, \u017ce mi ufa i \u017ce produkt jest potrzebny. Dzi\u0119ki niej mog\u0119 te\u017c oceni\u0107 zainteresowanie produktem i wyceni\u0107 jego warto\u015b\u0107 ko\u0144cow\u0105.\u00a0<\/span><\/p>\n<p><span style=\"color: #ffffff;\">Kliknij przycisk powy\u017cej i dodaj produkt do koszyka. Taka okazja ju\u017c si\u0119 nie powt\u00f3rzy!<\/span><\/p>","protected":false},"excerpt":{"rendered":"<p><span style=\"color: #ffffff;\"><strong>PRZEDSPRZEDA\u017b!<\/strong><\/span><\/p>\n<p><span style=\"color: #ffffff;\">Chcesz pracowa\u0107 tam, gdzie Tw\u00f3j szef Ci\u0119 nie dosi\u0119gnie lub sam by\u0107 sobie szefem? Masz ju\u017c do\u015b\u0107 og\u00f3lnik\u00f3w i potrzebujesz konkretnej wiedzy zgromadzonej w jednym miejscu?<br \/>\nPrzygotowa\u0142am tego e-booka na podstawie moich kilkuletnich do\u015bwiadcze\u0144, drogi jak\u0105 przesz\u0142am, aby podr\u00f3\u017cowa\u0107 i pracowa\u0107 zdalnie. To kopalnia wiedzy na temat tego jak zacz\u0105\u0107 pracowa\u0107 zdalnie z dowolnego miejsca na Ziemi. Tre\u015b\u0107 wzbogacaj\u0105 przydatne linki i z\u0142ote rady innych cyfrowych nomad\u00f3w.<\/span><\/p>\n<p><span style=\"color: #ffffff;\"><strong>Co to znaczy, \u017ce produkt jest w przedsprzeda\u017cy i dlaczego jest tak tani?<\/strong><\/span><\/p>\n<p><span style=\"color: #ffffff;\">E-book jest wci\u0105\u017c w przygotowaniu i wy\u015bl\u0119 go do Ciebie w dniu premiery. Premiera planowana jest na 14 listopada 2025. Na otrzymanie go musisz wi\u0119c jeszcze troch\u0119 poczeka\u0107, st\u0105d <strong>\u015bmiesznie niska cena, kt\u00f3r\u0105 mo\u017cesz otrzyma\u0107 tylko w przedsprzeda\u017cy<\/strong>! To niesamowita okazja! <\/span><\/p>\n<p><span style=\"color: #ffffff;\">Dla mnie przedsprzeda\u017c to<strong> ogromna motywacja do pracy<\/strong> &#8211; kiedy kto\u015b kupuje jeszcze nie gotowy produkt wiem, \u017ce mi ufa i \u017ce produkt jest potrzebny. Dzi\u0119ki niej mog\u0119 te\u017c oceni\u0107 zainteresowanie produktem i wyceni\u0107 jego warto\u015b\u0107 ko\u0144cow\u0105.<\/span><\/p>\n","protected":false},"featured_media":7388,"comment_status":"open","ping_status":"closed","template":"","meta":[],"product_cat":[],"product_tag":[1797,1796,1795,1798,1794],"yoast_head":"<!-- This site is optimized with the Yoast SEO plugin v21.0 - https:\/\/yoast.com\/wordpress\/plugins\/seo\/ -->\n<title>Jak zosta\u0107 cyfrowym nomad\u0105 i podr\u00f3\u017cowa\u0107 po \u015bwiecie? | Time Travel Bee | Responsible Travel Blog<\/title>\n<meta name=\"description\" content=\"Chcesz pracowa\u0107 tam, gdzie Tw\u00f3j szef Ci\u0119 nie dosi\u0119gnie lub sam by\u0107 sobie szefem? Je\u015bli masz ju\u017c do\u015b\u0107 og\u00f3lnik\u00f3w i potrzebujesz konkretnej wiedzy zgromadzonej w jednym miejscu.\" \/>\n<meta name=\"robots\" content=\"index, follow, max-snippet:-1, max-image-preview:large, max-video-preview:-1\" \/>\n<link rel=\"canonical\" href=\"https:\/\/timetravelbee.com\/pl\/shop\/jak-zostac-cyfrowym-nomada-i-podrozowac-po-swiecie\/\" \/>\n<meta property=\"og:locale\" content=\"pl_PL\" \/>\n<meta property=\"og:type\" content=\"article\" \/>\n<meta property=\"og:title\" content=\"Jak zosta\u0107 cyfrowym nomad\u0105 i podr\u00f3\u017cowa\u0107 po \u015bwiecie? | Time Travel Bee | Responsible Travel Blog\" \/>\n<meta property=\"og:description\" content=\"Chcesz pracowa\u0107 tam, gdzie Tw\u00f3j szef Ci\u0119 nie dosi\u0119gnie lub sam by\u0107 sobie szefem? Je\u015bli masz ju\u017c do\u015b\u0107 og\u00f3lnik\u00f3w i potrzebujesz konkretnej wiedzy zgromadzonej w jednym miejscu.\" \/>\n<meta property=\"og:url\" content=\"https:\/\/timetravelbee.com\/pl\/shop\/jak-zostac-cyfrowym-nomada-i-podrozowac-po-swiecie\/\" \/>\n<meta property=\"og:site_name\" content=\"Time Travel Bee | Responsible Travel Blog\" \/>\n<meta property=\"article:publisher\" content=\"https:\/\/www.facebook.com\/timetravelbee\" \/>\n<meta property=\"article:modified_time\" content=\"2024-10-23T07:36:47+00:00\" \/>\n<meta property=\"og:image\" content=\"https:\/\/timetravelbee.com\/wp-content\/uploads\/2024\/06\/praca-zdalna-s.png\" \/>\n\t<meta property=\"og:image:width\" content=\"875\" \/>\n\t<meta property=\"og:image:height\" content=\"1000\" \/>\n\t<meta property=\"og:image:type\" content=\"image\/png\" \/>\n<meta name=\"twitter:card\" content=\"summary_large_image\" \/>\n<meta name=\"twitter:site\" content=\"@TimeTravelBee\" \/>\n<meta name=\"twitter:label1\" content=\"Szacowany czas czytania\" \/>\n\t<meta name=\"twitter:data1\" content=\"3 minuty\" \/>\n<script type=\"application\/ld+json\" class=\"yoast-schema-graph\">{\"@context\":\"https:\/\/schema.org\",\"@graph\":[{\"@type\":\"WebPage\",\"@id\":\"https:\/\/timetravelbee.com\/pl\/shop\/jak-zostac-cyfrowym-nomada-i-podrozowac-po-swiecie\/\",\"url\":\"https:\/\/timetravelbee.com\/pl\/shop\/jak-zostac-cyfrowym-nomada-i-podrozowac-po-swiecie\/\",\"name\":\"Jak zosta\u0107 cyfrowym nomad\u0105 i podr\u00f3\u017cowa\u0107 po \u015bwiecie? | Time Travel Bee | Responsible Travel Blog\",\"isPartOf\":{\"@id\":\"https:\/\/timetravelbee.com\/pl\/#website\"},\"datePublished\":\"2024-06-19T16:40:38+00:00\",\"dateModified\":\"2024-10-23T07:36:47+00:00\",\"description\":\"Chcesz pracowa\u0107 tam, gdzie Tw\u00f3j szef Ci\u0119 nie dosi\u0119gnie lub sam by\u0107 sobie szefem? Je\u015bli masz ju\u017c do\u015b\u0107 og\u00f3lnik\u00f3w i potrzebujesz konkretnej wiedzy zgromadzonej w jednym miejscu.\",\"breadcrumb\":{\"@id\":\"https:\/\/timetravelbee.com\/pl\/shop\/jak-zostac-cyfrowym-nomada-i-podrozowac-po-swiecie\/#breadcrumb\"},\"inLanguage\":\"pl-PL\",\"potentialAction\":[{\"@type\":\"ReadAction\",\"target\":[[\"https:\/\/timetravelbee.com\/pl\/shop\/jak-zostac-cyfrowym-nomada-i-podrozowac-po-swiecie\/\"]]}]},{\"@type\":\"BreadcrumbList\",\"@id\":\"https:\/\/timetravelbee.com\/pl\/shop\/jak-zostac-cyfrowym-nomada-i-podrozowac-po-swiecie\/#breadcrumb\",\"itemListElement\":[{\"@type\":\"ListItem\",\"position\":1,\"name\":\"Home\",\"item\":\"https:\/\/timetravelbee.com\/pl\/\"},{\"@type\":\"ListItem\",\"position\":2,\"name\":\"Shop\",\"item\":\"https:\/\/timetravelbee.com\/pl\/shop\/\"},{\"@type\":\"ListItem\",\"position\":3,\"name\":\"Jak zosta\u0107 cyfrowym nomad\u0105 i podr\u00f3\u017cowa\u0107 po \u015bwiecie?\"}]},{\"@type\":\"WebSite\",\"@id\":\"https:\/\/timetravelbee.com\/pl\/#website\",\"url\":\"https:\/\/timetravelbee.com\/pl\/\",\"name\":\"Time Travel Bee | Responsible Travel Blog\",\"description\":\"Time Travel Bee\",\"publisher\":{\"@id\":\"https:\/\/timetravelbee.com\/pl\/#\/schema\/person\/87eb9c76480852e107af0f9624a0045a\"},\"potentialAction\":[{\"@type\":\"SearchAction\",\"target\":{\"@type\":\"EntryPoint\",\"urlTemplate\":\"https:\/\/timetravelbee.com\/pl\/?s={search_term_string}\"},\"query-input\":\"required name=search_term_string\"}],\"inLanguage\":\"pl-PL\"},{\"@type\":[\"Person\",\"Organization\"],\"@id\":\"https:\/\/timetravelbee.com\/pl\/#\/schema\/person\/87eb9c76480852e107af0f9624a0045a\",\"name\":\"Time Travel Bee\",\"image\":{\"@type\":\"ImageObject\",\"inLanguage\":\"pl-PL\",\"@id\":\"https:\/\/timetravelbee.com\/pl\/#\/schema\/person\/image\/\",\"url\":\"https:\/\/timetravelbee.com\/wp-content\/uploads\/logo1.png\",\"contentUrl\":\"https:\/\/timetravelbee.com\/wp-content\/uploads\/logo1.png\",\"width\":412,\"height\":165,\"caption\":\"Time Travel Bee\"},\"logo\":{\"@id\":\"https:\/\/timetravelbee.com\/pl\/#\/schema\/person\/image\/\"},\"description\":\"PL Pszczo\u0142a kocha przyrod\u0119, kwiaty oraz herbat\u0119. Najbardziej sprawia jej przyjemno\u015b\u0107 \u017cycie i podr\u00f3\u017ce w rytmie slow, bez po\u015bpiechu. Stara si\u0119 podr\u00f3\u017cowa\u0107 bardziej ekologicznie i inspirowa\u0107 do tego innych. Lubi poznawa\u0107 inne kultury, tradycje, sp\u0119dza\u0107 czas z lokalnymi i kosztowa\u0107 ich przysmak\u00f3w. Jej ulubione miejsca w ka\u017cdej podr\u00f3\u017cy to uliczne bazary. ENG The Bee is a nature lover and tea addict. Loves the idea of slow life and responsible traveling, constantly trying to improve to bee more eco-friendly. Appreciates old cultures and traditions, loves to immerse with locals, listen to ethnic music as well as taste regional food and drinks. Her favorite spots while traveling are family houses and street markets. Learn more about the author\",\"sameAs\":[\"https:\/\/timetravelbee.com\",\"https:\/\/www.facebook.com\/timetravelbee\",\"https:\/\/instagram.com\/timetravelbee\"]}]}<\/script>\n<!-- \/ Yoast SEO plugin. -->","yoast_head_json":{"title":"Jak zosta\u0107 cyfrowym nomad\u0105 i podr\u00f3\u017cowa\u0107 po \u015bwiecie? | Time Travel Bee | Responsible Travel Blog","description":"Chcesz pracowa\u0107 tam, gdzie Tw\u00f3j szef Ci\u0119 nie dosi\u0119gnie lub sam by\u0107 sobie szefem? Je\u015bli masz ju\u017c do\u015b\u0107 og\u00f3lnik\u00f3w i potrzebujesz konkretnej wiedzy zgromadzonej w jednym miejscu.","robots":{"index":"index","follow":"follow","max-snippet":"max-snippet:-1","max-image-preview":"max-image-preview:large","max-video-preview":"max-video-preview:-1"},"canonical":"https:\/\/timetravelbee.com\/pl\/shop\/jak-zostac-cyfrowym-nomada-i-podrozowac-po-swiecie\/","og_locale":"pl_PL","og_type":"article","og_title":"Jak zosta\u0107 cyfrowym nomad\u0105 i podr\u00f3\u017cowa\u0107 po \u015bwiecie? | Time Travel Bee | Responsible Travel Blog","og_description":"Chcesz pracowa\u0107 tam, gdzie Tw\u00f3j szef Ci\u0119 nie dosi\u0119gnie lub sam by\u0107 sobie szefem? Je\u015bli masz ju\u017c do\u015b\u0107 og\u00f3lnik\u00f3w i potrzebujesz konkretnej wiedzy zgromadzonej w jednym miejscu.","og_url":"https:\/\/timetravelbee.com\/pl\/shop\/jak-zostac-cyfrowym-nomada-i-podrozowac-po-swiecie\/","og_site_name":"Time Travel Bee | Responsible Travel Blog","article_publisher":"https:\/\/www.facebook.com\/timetravelbee","article_modified_time":"2024-10-23T07:36:47+00:00","og_image":[{"width":875,"height":1000,"url":"https:\/\/timetravelbee.com\/wp-content\/uploads\/2024\/06\/praca-zdalna-s.png","type":"image\/png"}],"twitter_card":"summary_large_image","twitter_site":"@TimeTravelBee","twitter_misc":{"Szacowany czas czytania":"3 minuty"},"schema":{"@context":"https:\/\/schema.org","@graph":[{"@type":"WebPage","@id":"https:\/\/timetravelbee.com\/pl\/shop\/jak-zostac-cyfrowym-nomada-i-podrozowac-po-swiecie\/","url":"https:\/\/timetravelbee.com\/pl\/shop\/jak-zostac-cyfrowym-nomada-i-podrozowac-po-swiecie\/","name":"Jak zosta\u0107 cyfrowym nomad\u0105 i podr\u00f3\u017cowa\u0107 po \u015bwiecie? | Time Travel Bee | Responsible Travel Blog","isPartOf":{"@id":"https:\/\/timetravelbee.com\/pl\/#website"},"datePublished":"2024-06-19T16:40:38+00:00","dateModified":"2024-10-23T07:36:47+00:00","description":"Chcesz pracowa\u0107 tam, gdzie Tw\u00f3j szef Ci\u0119 nie dosi\u0119gnie lub sam by\u0107 sobie szefem? Je\u015bli masz ju\u017c do\u015b\u0107 og\u00f3lnik\u00f3w i potrzebujesz konkretnej wiedzy zgromadzonej w jednym miejscu.","breadcrumb":{"@id":"https:\/\/timetravelbee.com\/pl\/shop\/jak-zostac-cyfrowym-nomada-i-podrozowac-po-swiecie\/#breadcrumb"},"inLanguage":"pl-PL","potentialAction":[{"@type":"ReadAction","target":[["https:\/\/timetravelbee.com\/pl\/shop\/jak-zostac-cyfrowym-nomada-i-podrozowac-po-swiecie\/"]]}]},{"@type":"BreadcrumbList","@id":"https:\/\/timetravelbee.com\/pl\/shop\/jak-zostac-cyfrowym-nomada-i-podrozowac-po-swiecie\/#breadcrumb","itemListElement":[{"@type":"ListItem","position":1,"name":"Home","item":"https:\/\/timetravelbee.com\/pl\/"},{"@type":"ListItem","position":2,"name":"Shop","item":"https:\/\/timetravelbee.com\/pl\/shop\/"},{"@type":"ListItem","position":3,"name":"Jak zosta\u0107 cyfrowym nomad\u0105 i podr\u00f3\u017cowa\u0107 po \u015bwiecie?"}]},{"@type":"WebSite","@id":"https:\/\/timetravelbee.com\/pl\/#website","url":"https:\/\/timetravelbee.com\/pl\/","name":"Time Travel Bee | Responsible Travel Blog","description":"Time Travel Bee","publisher":{"@id":"https:\/\/timetravelbee.com\/pl\/#\/schema\/person\/87eb9c76480852e107af0f9624a0045a"},"potentialAction":[{"@type":"SearchAction","target":{"@type":"EntryPoint","urlTemplate":"https:\/\/timetravelbee.com\/pl\/?s={search_term_string}"},"query-input":"required name=search_term_string"}],"inLanguage":"pl-PL"},{"@type":["Person","Organization"],"@id":"https:\/\/timetravelbee.com\/pl\/#\/schema\/person\/87eb9c76480852e107af0f9624a0045a","name":"Time Travel Bee","image":{"@type":"ImageObject","inLanguage":"pl-PL","@id":"https:\/\/timetravelbee.com\/pl\/#\/schema\/person\/image\/","url":"https:\/\/timetravelbee.com\/wp-content\/uploads\/logo1.png","contentUrl":"https:\/\/timetravelbee.com\/wp-content\/uploads\/logo1.png","width":412,"height":165,"caption":"Time Travel Bee"},"logo":{"@id":"https:\/\/timetravelbee.com\/pl\/#\/schema\/person\/image\/"},"description":"PL Pszczo\u0142a kocha przyrod\u0119, kwiaty oraz herbat\u0119. Najbardziej sprawia jej przyjemno\u015b\u0107 \u017cycie i podr\u00f3\u017ce w rytmie slow, bez po\u015bpiechu. Stara si\u0119 podr\u00f3\u017cowa\u0107 bardziej ekologicznie i inspirowa\u0107 do tego innych. Lubi poznawa\u0107 inne kultury, tradycje, sp\u0119dza\u0107 czas z lokalnymi i kosztowa\u0107 ich przysmak\u00f3w. Jej ulubione miejsca w ka\u017cdej podr\u00f3\u017cy to uliczne bazary. ENG The Bee is a nature lover and tea addict. Loves the idea of slow life and responsible traveling, constantly trying to improve to bee more eco-friendly. Appreciates old cultures and traditions, loves to immerse with locals, listen to ethnic music as well as taste regional food and drinks. Her favorite spots while traveling are family houses and street markets. Learn more about the author","sameAs":["https:\/\/timetravelbee.com","https:\/\/www.facebook.com\/timetravelbee","https:\/\/instagram.com\/timetravelbee"]}]}},"_links":{"self":[{"href":"https:\/\/timetravelbee.com\/pl\/wp-json\/wp\/v2\/product\/7382"}],"collection":[{"href":"https:\/\/timetravelbee.com\/pl\/wp-json\/wp\/v2\/product"}],"about":[{"href":"https:\/\/timetravelbee.com\/pl\/wp-json\/wp\/v2\/types\/product"}],"replies":[{"embeddable":true,"href":"https:\/\/timetravelbee.com\/pl\/wp-json\/wp\/v2\/comments?post=7382"}],"wp:featuredmedia":[{"embeddable":true,"href":"https:\/\/timetravelbee.com\/pl\/wp-json\/wp\/v2\/media\/7388"}],"wp:attachment":[{"href":"https:\/\/timetravelbee.com\/pl\/wp-json\/wp\/v2\/media?parent=7382"}],"wp:term":[{"taxonomy":"product_cat","embeddable":true,"href":"https:\/\/timetravelbee.com\/pl\/wp-json\/wp\/v2\/product_cat?post=7382"},{"taxonomy":"product_tag","embeddable":true,"href":"https:\/\/timetravelbee.com\/pl\/wp-json\/wp\/v2\/product_tag?post=7382"}],"curies":[{"name":"wp","href":"https:\/\/api.w.org\/{rel}","templated":true}]}}